{"id":6703,"date":"2024-04-01T17:43:47","date_gmt":"2024-04-01T17:43:47","guid":{"rendered":"https:\/\/fluxo.si\/?page_id=6703"},"modified":"2024-04-02T20:20:16","modified_gmt":"2024-04-02T20:20:16","slug":"relatorio-de-transparencia-salarial","status":"publish","type":"page","link":"https:\/\/fluxo.si\/en\/relatorio-de-transparencia-salarial\/","title":{"rendered":"Salary Transparency Report"},"content":{"rendered":"<p>For FLUXO, human assets represent a company&#039;s most valuable resource, encompassing the value added to employees through their accumulated experiences, constantly improving technical knowledge, interpersonal skills and professional skills, in accordance with provision 5.1 of the Code of Ethics and Conduct.<\/p>\n\n\n\n<p>As set out in our Code of Ethics and Conduct, FLUXO is committed to the remuneration system, as well as ensuring that people management processes (hiring, dismissal, transfer, promotion, disciplinary sanctions, etc.) are carried out with respect, transparency , impartiality and based on the precepts of meritocracy and the principle of equity.<\/p>\n\n\n\n<p>Furthermore, we firmly support all government initiatives to eliminate any type of discrimination, including those aimed at reducing or eradicating unjustified differences in salaries and remuneration benefits between men and women.<\/p>\n\n\n\n<p>As determined by Law No. 14,111\/2023, we are making available the Salary Transparency Report generated by the Ministry of Labor. FLUXO, therefore, fulfills its legal obligation and its social function with the publication of the Report, noting, however, that it was prepared with information from 2022 and only from the Santana de Parna\u00edba branch, due to the fact that it is the only one with the most 100 employees that year, in accordance with the aforementioned law.<\/p>\n\n\n\n<p>Although the report presents some inconsistencies, we note that the Law does not guarantee companies the opportunity to question and clarify some data presented in this Salary Transparency Report. Therefore, we declare that our salary policy meets all relevant legal requirements and, in particular, complies with the criteria of article 461 of the Consolidation of Labor Laws, which defines the situations in which salary equality is in fact due.<\/p>\n\n\n\n<p><a href=\"https:\/\/fluxo.si\/wp-content\/uploads\/2024\/04\/Relatorio-Transparencia.pdf\">Download Report<\/a><\/p>","protected":false},"excerpt":{"rendered":"<p>Para a FLUXO, os ativos humanos representam o recurso mais valioso de uma empresa, englobando o valor acrescentado aos colaboradores por meio de suas experi\u00eancias acumuladas, conhecimentos t\u00e9cnicos em constante aprimoramento, habilidades interpessoais e compet\u00eancias profissionais, de acordo com o dispositivo 5.1 do C\u00f3digo de \u00c9tica e Conduta. Conforme prev\u00ea nosso C\u00f3digo de \u00c9tica e [&hellip;]<\/p>\n","protected":false},"author":1,"featured_media":0,"parent":0,"menu_order":13,"comment_status":"closed","ping_status":"closed","template":"","meta":{"_acf_changed":false,"_monsterinsights_skip_tracking":false,"_monsterinsights_sitenote_active":false,"_monsterinsights_sitenote_note":"","_monsterinsights_sitenote_category":0,"footnotes":""},"class_list":["post-6703","page","type-page","status-publish","hentry"],"acf":[],"yoast_head":"<!-- This site is optimized with the Yoast SEO plugin v27.4 - https:\/\/yoast.com\/product\/yoast-seo-wordpress\/ -->\n<title>Relat\u00f3rio de Transpar\u00eancia Salarial - Fluxo Solu\u00e7\u00f5es<\/title>\n<meta name=\"description\" content=\"A FLUXO zela para que os processos de gest\u00e3o de pessoas sejam realizados com respeito, transpar\u00eancia, imparcialidade e com base nos preceitos da meritocracia no princ\u00edpio da equidade.\" \/>\n<meta name=\"robots\" content=\"index, follow, max-snippet:-1, max-image-preview:large, max-video-preview:-1\" \/>\n<link rel=\"canonical\" href=\"https:\/\/fluxo.si\/en\/relatorio-de-transparencia-salarial\/\" \/>\n<meta property=\"og:locale\" content=\"en_US\" \/>\n<meta property=\"og:type\" content=\"article\" \/>\n<meta property=\"og:title\" content=\"Relat\u00f3rio de Transpar\u00eancia Salarial - Fluxo Solu\u00e7\u00f5es\" \/>\n<meta property=\"og:description\" content=\"A FLUXO zela para que os processos de gest\u00e3o de pessoas sejam realizados com respeito, transpar\u00eancia, imparcialidade e com base nos preceitos da meritocracia no princ\u00edpio da equidade.\" \/>\n<meta property=\"og:url\" content=\"https:\/\/fluxo.si\/en\/relatorio-de-transparencia-salarial\/\" \/>\n<meta property=\"og:site_name\" content=\"Fluxo Solu\u00e7\u00f5es\" \/>\n<meta property=\"article:modified_time\" content=\"2024-04-02T20:20:16+00:00\" \/>\n<meta name=\"twitter:card\" content=\"summary_large_image\" \/>\n<meta name=\"twitter:label1\" content=\"Est. reading time\" \/>\n\t<meta name=\"twitter:data1\" content=\"2 minutes\" \/>\n<script type=\"application\/ld+json\" class=\"yoast-schema-graph\">{\"@context\":\"https:\\\/\\\/schema.org\",\"@graph\":[{\"@type\":\"WebPage\",\"@id\":\"https:\\\/\\\/fluxo.si\\\/relatorio-de-transparencia-salarial\\\/\",\"url\":\"https:\\\/\\\/fluxo.si\\\/relatorio-de-transparencia-salarial\\\/\",\"name\":\"Relat\u00f3rio de Transpar\u00eancia Salarial - Fluxo Solu\u00e7\u00f5es\",\"isPartOf\":{\"@id\":\"https:\\\/\\\/fluxo.si\\\/#website\"},\"datePublished\":\"2024-04-01T17:43:47+00:00\",\"dateModified\":\"2024-04-02T20:20:16+00:00\",\"description\":\"A FLUXO zela para que os processos de gest\u00e3o de pessoas sejam realizados com respeito, transpar\u00eancia, imparcialidade e com base nos preceitos da meritocracia no princ\u00edpio da equidade.\",\"breadcrumb\":{\"@id\":\"https:\\\/\\\/fluxo.si\\\/relatorio-de-transparencia-salarial\\\/#breadcrumb\"},\"inLanguage\":\"en-US\",\"potentialAction\":[{\"@type\":\"ReadAction\",\"target\":[\"https:\\\/\\\/fluxo.si\\\/relatorio-de-transparencia-salarial\\\/\"]}]},{\"@type\":\"BreadcrumbList\",\"@id\":\"https:\\\/\\\/fluxo.si\\\/relatorio-de-transparencia-salarial\\\/#breadcrumb\",\"itemListElement\":[{\"@type\":\"ListItem\",\"position\":1,\"name\":\"In\u00edcio\",\"item\":\"https:\\\/\\\/fluxo.si\\\/\"},{\"@type\":\"ListItem\",\"position\":2,\"name\":\"Relat\u00f3rio de Transpar\u00eancia Salarial\"}]},{\"@type\":\"WebSite\",\"@id\":\"https:\\\/\\\/fluxo.si\\\/#website\",\"url\":\"https:\\\/\\\/fluxo.si\\\/\",\"name\":\"Fluxo Solu\u00e7\u00f5es\",\"description\":\"Solu\u00e7\u00f5es e servi\u00e7os para processos industriais de produ\u00e7\u00e3o, movimenta\u00e7\u00e3o e armazenagem de fluidos.\",\"publisher\":{\"@id\":\"https:\\\/\\\/fluxo.si\\\/#organization\"},\"potentialAction\":[{\"@type\":\"SearchAction\",\"target\":{\"@type\":\"EntryPoint\",\"urlTemplate\":\"https:\\\/\\\/fluxo.si\\\/?s={search_term_string}\"},\"query-input\":{\"@type\":\"PropertyValueSpecification\",\"valueRequired\":true,\"valueName\":\"search_term_string\"}}],\"inLanguage\":\"en-US\"},{\"@type\":\"Organization\",\"@id\":\"https:\\\/\\\/fluxo.si\\\/#organization\",\"name\":\"Fluxo Solu\u00e7\u00f5es Integradas\",\"url\":\"https:\\\/\\\/fluxo.si\\\/\",\"logo\":{\"@type\":\"ImageObject\",\"inLanguage\":\"en-US\",\"@id\":\"https:\\\/\\\/fluxo.si\\\/#\\\/schema\\\/logo\\\/image\\\/\",\"url\":\"https:\\\/\\\/fluxo.si\\\/wp-content\\\/uploads\\\/2021\\\/05\\\/logo-fluxo-800.png\",\"contentUrl\":\"https:\\\/\\\/fluxo.si\\\/wp-content\\\/uploads\\\/2021\\\/05\\\/logo-fluxo-800.png\",\"width\":800,\"height\":268,\"caption\":\"Fluxo Solu\u00e7\u00f5es Integradas\"},\"image\":{\"@id\":\"https:\\\/\\\/fluxo.si\\\/#\\\/schema\\\/logo\\\/image\\\/\"},\"sameAs\":[\"https:\\\/\\\/www.linkedin.com\\\/company\\\/fluxosolutions\\\/\"]}]}<\/script>\n<!-- \/ Yoast SEO plugin. -->","yoast_head_json":{"title":"Salary Transparency Report - Fluxo Solu\u00e7\u00f5es","description":"FLUXO ensures that people management processes are carried out with respect, transparency, impartiality and based on the precepts of meritocracy and the principle of equity.","robots":{"index":"index","follow":"follow","max-snippet":"max-snippet:-1","max-image-preview":"max-image-preview:large","max-video-preview":"max-video-preview:-1"},"canonical":"https:\/\/fluxo.si\/en\/relatorio-de-transparencia-salarial\/","og_locale":"en_US","og_type":"article","og_title":"Relat\u00f3rio de Transpar\u00eancia Salarial - Fluxo Solu\u00e7\u00f5es","og_description":"A FLUXO zela para que os processos de gest\u00e3o de pessoas sejam realizados com respeito, transpar\u00eancia, imparcialidade e com base nos preceitos da meritocracia no princ\u00edpio da equidade.","og_url":"https:\/\/fluxo.si\/en\/relatorio-de-transparencia-salarial\/","og_site_name":"Fluxo Solu\u00e7\u00f5es","article_modified_time":"2024-04-02T20:20:16+00:00","twitter_card":"summary_large_image","twitter_misc":{"Est. reading time":"2 minutes"},"schema":{"@context":"https:\/\/schema.org","@graph":[{"@type":"WebPage","@id":"https:\/\/fluxo.si\/relatorio-de-transparencia-salarial\/","url":"https:\/\/fluxo.si\/relatorio-de-transparencia-salarial\/","name":"Salary Transparency Report - Fluxo Solu\u00e7\u00f5es","isPartOf":{"@id":"https:\/\/fluxo.si\/#website"},"datePublished":"2024-04-01T17:43:47+00:00","dateModified":"2024-04-02T20:20:16+00:00","description":"FLUXO ensures that people management processes are carried out with respect, transparency, impartiality and based on the precepts of meritocracy and the principle of equity.","breadcrumb":{"@id":"https:\/\/fluxo.si\/relatorio-de-transparencia-salarial\/#breadcrumb"},"inLanguage":"en-US","potentialAction":[{"@type":"ReadAction","target":["https:\/\/fluxo.si\/relatorio-de-transparencia-salarial\/"]}]},{"@type":"BreadcrumbList","@id":"https:\/\/fluxo.si\/relatorio-de-transparencia-salarial\/#breadcrumb","itemListElement":[{"@type":"ListItem","position":1,"name":"In\u00edcio","item":"https:\/\/fluxo.si\/"},{"@type":"ListItem","position":2,"name":"Relat\u00f3rio de Transpar\u00eancia Salarial"}]},{"@type":"WebSite","@id":"https:\/\/fluxo.si\/#website","url":"https:\/\/fluxo.si\/","name":"Flow Solutions","description":"Solutions and services for industrial processes of production, movement and storage of fluids.","publisher":{"@id":"https:\/\/fluxo.si\/#organization"},"potentialAction":[{"@type":"SearchAction","target":{"@type":"EntryPoint","urlTemplate":"https:\/\/fluxo.si\/?s={search_term_string}"},"query-input":{"@type":"PropertyValueSpecification","valueRequired":true,"valueName":"search_term_string"}}],"inLanguage":"en-US"},{"@type":"Organization","@id":"https:\/\/fluxo.si\/#organization","name":"Integrated Solutions Flow","url":"https:\/\/fluxo.si\/","logo":{"@type":"ImageObject","inLanguage":"en-US","@id":"https:\/\/fluxo.si\/#\/schema\/logo\/image\/","url":"https:\/\/fluxo.si\/wp-content\/uploads\/2021\/05\/logo-fluxo-800.png","contentUrl":"https:\/\/fluxo.si\/wp-content\/uploads\/2021\/05\/logo-fluxo-800.png","width":800,"height":268,"caption":"Fluxo Solu\u00e7\u00f5es Integradas"},"image":{"@id":"https:\/\/fluxo.si\/#\/schema\/logo\/image\/"},"sameAs":["https:\/\/www.linkedin.com\/company\/fluxosolutions\/"]}]}},"_links":{"self":[{"href":"https:\/\/fluxo.si\/en\/wp-json\/wp\/v2\/pages\/6703","targetHints":{"allow":["GET"]}}],"collection":[{"href":"https:\/\/fluxo.si\/en\/wp-json\/wp\/v2\/pages"}],"about":[{"href":"https:\/\/fluxo.si\/en\/wp-json\/wp\/v2\/types\/page"}],"author":[{"embeddable":true,"href":"https:\/\/fluxo.si\/en\/wp-json\/wp\/v2\/users\/1"}],"replies":[{"embeddable":true,"href":"https:\/\/fluxo.si\/en\/wp-json\/wp\/v2\/comments?post=6703"}],"version-history":[{"count":3,"href":"https:\/\/fluxo.si\/en\/wp-json\/wp\/v2\/pages\/6703\/revisions"}],"predecessor-version":[{"id":6712,"href":"https:\/\/fluxo.si\/en\/wp-json\/wp\/v2\/pages\/6703\/revisions\/6712"}],"wp:attachment":[{"href":"https:\/\/fluxo.si\/en\/wp-json\/wp\/v2\/media?parent=6703"}],"curies":[{"name":"wp","href":"https:\/\/api.w.org\/{rel}","templated":true}]}}