{"id":6561,"date":"2023-11-27T13:52:38","date_gmt":"2023-11-27T13:52:38","guid":{"rendered":"https:\/\/fluxo.si\/?page_id=6561"},"modified":"2025-11-11T18:09:17","modified_gmt":"2025-11-11T18:09:17","slug":"programa-de-compliance","status":"publish","type":"page","link":"https:\/\/fluxo.si\/en\/programa-de-compliance\/","title":{"rendered":"Compliance Program"},"content":{"rendered":"<blockquote class=\"wp-block-quote is-layout-flow wp-block-quote-is-layout-flow\">\n<p>\u201cOur commitment to ethics and integrity is not a mere formality, but a vital part of our identity and mission.\u201d<\/p>\n<cite>Hideo Hama, President of Fluxo Solu\u00e7\u00f5es Integradas.<\/cite><\/blockquote>\n\n\n\n<p>With this perspective in mind, we structure and improve our Compliance Program on a daily basis, represented here by <a href=\"https:\/\/heyzine.com\/flip-book\/e03cc0ca7f.html\" target=\"_blank\" rel=\"noreferrer noopener\">Code of Ethics of Conduct<\/a> and <a href=\"https:\/\/heyzine.com\/flip-book\/d28a0f27bb.html\" target=\"_blank\" rel=\"noreferrer noopener\">Corruption Prevention Manual<\/a> in order to demonstrate our commitment to being a reliable company with a positive impact on society.<\/p>\n\n\n\n<p>To strengthen our mechanisms for preventing, detecting and remediating unethical or corrupt conduct, Fluxo offers a reporting channel, with guaranteed anonymity and protection against retaliation for whistleblowers in good faith, which can be accessed via the link&nbsp;<a href=\"https:\/\/www.contatoseguro.com.br\/fluxosi\" target=\"_blank\" rel=\"noreferrer noopener\">contatoseguro.com.br\/ fluxsi<\/a><\/p>\n\n\n\n<p>It is important to highlight that the Whistleblower Channel is available to report any situations related to corruption and other irregularities provided for in Law No. 12,846\/2013.<\/p>\n\n\n\n<hr class=\"wp-block-separator has-alpha-channel-opacity\"\/>\n\n\n\n<ul class=\"wp-block-list\">\n<li><a href=\"https:\/\/heyzine.com\/flip-book\/e03cc0ca7f.html\" target=\"_blank\" rel=\"noreferrer noopener\">Code of Ethics of Conduct<\/a><\/li>\n\n\n\n<li><a href=\"https:\/\/heyzine.com\/flip-book\/d28a0f27bb.html\" target=\"_blank\" rel=\"noreferrer noopener\">Corruption Prevention Manual<\/a><\/li>\n<\/ul>\n\n\n\n<p><\/p>","protected":false},"excerpt":{"rendered":"<p>\u201cNosso engajamento com a \u00e9tica e a integridade n\u00e3o \u00e9 uma mera formalidade, mas uma parte vital de nossa identidade e de nossa miss\u00e3o\u201d. Hideo Hama, Presidente da Fluxo Solu\u00e7\u00f5es Integradas. Com essa perspectiva em mente, estruturamos e melhoramos diuturnamente nosso Programa de Compliance, representado aqui pelo C\u00f3digo de \u00c9tica de Conduta e Manual de [&hellip;]<\/p>\n","protected":false},"author":1,"featured_media":0,"parent":0,"menu_order":2,"comment_status":"closed","ping_status":"closed","template":"","meta":{"_acf_changed":false,"_monsterinsights_skip_tracking":false,"_monsterinsights_sitenote_active":false,"_monsterinsights_sitenote_note":"","_monsterinsights_sitenote_category":0,"footnotes":""},"class_list":["post-6561","page","type-page","status-publish","hentry"],"acf":[],"yoast_head":"<!-- This site is optimized with the Yoast SEO plugin v27.3 - https:\/\/yoast.com\/product\/yoast-seo-wordpress\/ -->\n<title>Programa de Compliance - Fluxo Solu\u00e7\u00f5es<\/title>\n<meta name=\"robots\" content=\"index, follow, max-snippet:-1, max-image-preview:large, max-video-preview:-1\" \/>\n<link rel=\"canonical\" href=\"https:\/\/fluxo.si\/en\/programa-de-compliance\/\" \/>\n<meta property=\"og:locale\" content=\"en_US\" \/>\n<meta property=\"og:type\" content=\"article\" \/>\n<meta property=\"og:title\" content=\"Programa de Compliance - Fluxo Solu\u00e7\u00f5es\" \/>\n<meta property=\"og:description\" content=\"\u201cNosso engajamento com a \u00e9tica e a integridade n\u00e3o \u00e9 uma mera formalidade, mas uma parte vital de nossa identidade e de nossa miss\u00e3o\u201d. Hideo Hama, Presidente da Fluxo Solu\u00e7\u00f5es Integradas. Com essa perspectiva em mente, estruturamos e melhoramos diuturnamente nosso Programa de Compliance, representado aqui pelo C\u00f3digo de \u00c9tica de Conduta e Manual de [&hellip;]\" \/>\n<meta property=\"og:url\" content=\"https:\/\/fluxo.si\/en\/programa-de-compliance\/\" \/>\n<meta property=\"og:site_name\" content=\"Fluxo Solu\u00e7\u00f5es\" \/>\n<meta property=\"article:modified_time\" content=\"2025-11-11T18:09:17+00:00\" \/>\n<meta name=\"twitter:card\" content=\"summary_large_image\" \/>\n<meta name=\"twitter:label1\" content=\"Est. reading time\" \/>\n\t<meta name=\"twitter:data1\" content=\"1 minute\" \/>\n<script type=\"application\/ld+json\" class=\"yoast-schema-graph\">{\"@context\":\"https:\\\/\\\/schema.org\",\"@graph\":[{\"@type\":\"WebPage\",\"@id\":\"https:\\\/\\\/fluxo.si\\\/programa-de-compliance\\\/\",\"url\":\"https:\\\/\\\/fluxo.si\\\/programa-de-compliance\\\/\",\"name\":\"Programa de Compliance - Fluxo Solu\u00e7\u00f5es\",\"isPartOf\":{\"@id\":\"https:\\\/\\\/fluxo.si\\\/#website\"},\"datePublished\":\"2023-11-27T13:52:38+00:00\",\"dateModified\":\"2025-11-11T18:09:17+00:00\",\"breadcrumb\":{\"@id\":\"https:\\\/\\\/fluxo.si\\\/programa-de-compliance\\\/#breadcrumb\"},\"inLanguage\":\"en-US\",\"potentialAction\":[{\"@type\":\"ReadAction\",\"target\":[\"https:\\\/\\\/fluxo.si\\\/programa-de-compliance\\\/\"]}]},{\"@type\":\"BreadcrumbList\",\"@id\":\"https:\\\/\\\/fluxo.si\\\/programa-de-compliance\\\/#breadcrumb\",\"itemListElement\":[{\"@type\":\"ListItem\",\"position\":1,\"name\":\"In\u00edcio\",\"item\":\"https:\\\/\\\/fluxo.si\\\/\"},{\"@type\":\"ListItem\",\"position\":2,\"name\":\"Programa de Compliance\"}]},{\"@type\":\"WebSite\",\"@id\":\"https:\\\/\\\/fluxo.si\\\/#website\",\"url\":\"https:\\\/\\\/fluxo.si\\\/\",\"name\":\"Fluxo Solu\u00e7\u00f5es\",\"description\":\"Solu\u00e7\u00f5es e servi\u00e7os para processos industriais de produ\u00e7\u00e3o, movimenta\u00e7\u00e3o e armazenagem de fluidos.\",\"publisher\":{\"@id\":\"https:\\\/\\\/fluxo.si\\\/#organization\"},\"potentialAction\":[{\"@type\":\"SearchAction\",\"target\":{\"@type\":\"EntryPoint\",\"urlTemplate\":\"https:\\\/\\\/fluxo.si\\\/?s={search_term_string}\"},\"query-input\":{\"@type\":\"PropertyValueSpecification\",\"valueRequired\":true,\"valueName\":\"search_term_string\"}}],\"inLanguage\":\"en-US\"},{\"@type\":\"Organization\",\"@id\":\"https:\\\/\\\/fluxo.si\\\/#organization\",\"name\":\"Fluxo Solu\u00e7\u00f5es Integradas\",\"url\":\"https:\\\/\\\/fluxo.si\\\/\",\"logo\":{\"@type\":\"ImageObject\",\"inLanguage\":\"en-US\",\"@id\":\"https:\\\/\\\/fluxo.si\\\/#\\\/schema\\\/logo\\\/image\\\/\",\"url\":\"https:\\\/\\\/fluxo.si\\\/wp-content\\\/uploads\\\/2021\\\/05\\\/logo-fluxo-800.png\",\"contentUrl\":\"https:\\\/\\\/fluxo.si\\\/wp-content\\\/uploads\\\/2021\\\/05\\\/logo-fluxo-800.png\",\"width\":800,\"height\":268,\"caption\":\"Fluxo Solu\u00e7\u00f5es Integradas\"},\"image\":{\"@id\":\"https:\\\/\\\/fluxo.si\\\/#\\\/schema\\\/logo\\\/image\\\/\"},\"sameAs\":[\"https:\\\/\\\/www.linkedin.com\\\/company\\\/fluxosolutions\\\/\"]}]}<\/script>\n<!-- \/ Yoast SEO plugin. -->","yoast_head_json":{"title":"Compliance Program - Fluxo Solutions","robots":{"index":"index","follow":"follow","max-snippet":"max-snippet:-1","max-image-preview":"max-image-preview:large","max-video-preview":"max-video-preview:-1"},"canonical":"https:\/\/fluxo.si\/en\/programa-de-compliance\/","og_locale":"en_US","og_type":"article","og_title":"Programa de Compliance - Fluxo Solu\u00e7\u00f5es","og_description":"\u201cNosso engajamento com a \u00e9tica e a integridade n\u00e3o \u00e9 uma mera formalidade, mas uma parte vital de nossa identidade e de nossa miss\u00e3o\u201d. Hideo Hama, Presidente da Fluxo Solu\u00e7\u00f5es Integradas. Com essa perspectiva em mente, estruturamos e melhoramos diuturnamente nosso Programa de Compliance, representado aqui pelo C\u00f3digo de \u00c9tica de Conduta e Manual de [&hellip;]","og_url":"https:\/\/fluxo.si\/en\/programa-de-compliance\/","og_site_name":"Fluxo Solu\u00e7\u00f5es","article_modified_time":"2025-11-11T18:09:17+00:00","twitter_card":"summary_large_image","twitter_misc":{"Est. reading time":"1 minute"},"schema":{"@context":"https:\/\/schema.org","@graph":[{"@type":"WebPage","@id":"https:\/\/fluxo.si\/programa-de-compliance\/","url":"https:\/\/fluxo.si\/programa-de-compliance\/","name":"Compliance Program - Fluxo Solutions","isPartOf":{"@id":"https:\/\/fluxo.si\/#website"},"datePublished":"2023-11-27T13:52:38+00:00","dateModified":"2025-11-11T18:09:17+00:00","breadcrumb":{"@id":"https:\/\/fluxo.si\/programa-de-compliance\/#breadcrumb"},"inLanguage":"en-US","potentialAction":[{"@type":"ReadAction","target":["https:\/\/fluxo.si\/programa-de-compliance\/"]}]},{"@type":"BreadcrumbList","@id":"https:\/\/fluxo.si\/programa-de-compliance\/#breadcrumb","itemListElement":[{"@type":"ListItem","position":1,"name":"In\u00edcio","item":"https:\/\/fluxo.si\/"},{"@type":"ListItem","position":2,"name":"Programa de Compliance"}]},{"@type":"WebSite","@id":"https:\/\/fluxo.si\/#website","url":"https:\/\/fluxo.si\/","name":"Flow Solutions","description":"Solutions and services for industrial processes of production, movement and storage of fluids.","publisher":{"@id":"https:\/\/fluxo.si\/#organization"},"potentialAction":[{"@type":"SearchAction","target":{"@type":"EntryPoint","urlTemplate":"https:\/\/fluxo.si\/?s={search_term_string}"},"query-input":{"@type":"PropertyValueSpecification","valueRequired":true,"valueName":"search_term_string"}}],"inLanguage":"en-US"},{"@type":"Organization","@id":"https:\/\/fluxo.si\/#organization","name":"Integrated Solutions Flow","url":"https:\/\/fluxo.si\/","logo":{"@type":"ImageObject","inLanguage":"en-US","@id":"https:\/\/fluxo.si\/#\/schema\/logo\/image\/","url":"https:\/\/fluxo.si\/wp-content\/uploads\/2021\/05\/logo-fluxo-800.png","contentUrl":"https:\/\/fluxo.si\/wp-content\/uploads\/2021\/05\/logo-fluxo-800.png","width":800,"height":268,"caption":"Fluxo Solu\u00e7\u00f5es Integradas"},"image":{"@id":"https:\/\/fluxo.si\/#\/schema\/logo\/image\/"},"sameAs":["https:\/\/www.linkedin.com\/company\/fluxosolutions\/"]}]}},"_links":{"self":[{"href":"https:\/\/fluxo.si\/en\/wp-json\/wp\/v2\/pages\/6561","targetHints":{"allow":["GET"]}}],"collection":[{"href":"https:\/\/fluxo.si\/en\/wp-json\/wp\/v2\/pages"}],"about":[{"href":"https:\/\/fluxo.si\/en\/wp-json\/wp\/v2\/types\/page"}],"author":[{"embeddable":true,"href":"https:\/\/fluxo.si\/en\/wp-json\/wp\/v2\/users\/1"}],"replies":[{"embeddable":true,"href":"https:\/\/fluxo.si\/en\/wp-json\/wp\/v2\/comments?post=6561"}],"version-history":[{"count":19,"href":"https:\/\/fluxo.si\/en\/wp-json\/wp\/v2\/pages\/6561\/revisions"}],"predecessor-version":[{"id":7077,"href":"https:\/\/fluxo.si\/en\/wp-json\/wp\/v2\/pages\/6561\/revisions\/7077"}],"wp:attachment":[{"href":"https:\/\/fluxo.si\/en\/wp-json\/wp\/v2\/media?parent=6561"}],"curies":[{"name":"wp","href":"https:\/\/api.w.org\/{rel}","templated":true}]}}