{"id":6527,"date":"2023-06-29T03:04:38","date_gmt":"2023-06-29T03:04:38","guid":{"rendered":"https:\/\/fluxo.si\/?page_id=6527"},"modified":"2023-06-29T03:04:39","modified_gmt":"2023-06-29T03:04:39","slug":"politica-da-qualidade","status":"publish","type":"page","link":"https:\/\/fluxo.si\/en\/politica-da-qualidade\/","title":{"rendered":"FLOW Quality Policy"},"content":{"rendered":"<p>FLUXO provides engineering services and systems including: industrial assembly, maintenance, training and distribution of equipment and parts for industrial processes, prioritizing quality management, safety, occupational health and the environment, ensuring the development of the company. <\/p>\n\n\n\n<p>FLUXO is dedicated to:<\/p>\n\n\n\n<ul class=\"wp-block-list\">\n<li>Satisfy Customers&#039; expectations, meeting all agreed requirements;<\/li>\n\n\n\n<li>Ensure compliance with legal requirements, regulations and applicable specifications;<\/li>\n\n\n\n<li>Identify and control risks related to work safety and environmental impacts of the activities carried out and prevent the pollution generated;<\/li>\n\n\n\n<li>Guarantee the continuous improvement of the qualification of our employees;<\/li>\n\n\n\n<li>Promote the continuous improvement of the processes of the Integrated Management System and services provided;<\/li>\n\n\n\n<li>Promote ethical principles and values that guide employees and partners in their personal and professional conduct, maintaining FLUXO as a company of reference, respect, integrity and legality;<\/li>\n\n\n\n<li>Guarantee results for customers, partners, employees and shareholders.<\/li>\n<\/ul>","protected":false},"excerpt":{"rendered":"<p>FLUXO provides engineering services and systems including: industrial assembly, maintenance, training and distribution of equipment and parts for industrial processes, prioritizing quality management, safety, occupational health and the environment, ensuring the development of the company. FLUXO is dedicated to:<\/p>","protected":false},"author":2,"featured_media":0,"parent":0,"menu_order":10,"comment_status":"closed","ping_status":"closed","template":"","meta":{"_acf_changed":false,"_monsterinsights_skip_tracking":false,"_monsterinsights_sitenote_active":false,"_monsterinsights_sitenote_note":"","_monsterinsights_sitenote_category":0,"footnotes":""},"class_list":["post-6527","page","type-page","status-publish","hentry"],"acf":[],"yoast_head":"<!-- This site is optimized with the Yoast SEO plugin v27.3 - https:\/\/yoast.com\/product\/yoast-seo-wordpress\/ -->\n<title>Pol\u00edtica da Qualidade FLUXO - Fluxo Solu\u00e7\u00f5es<\/title>\n<meta name=\"robots\" content=\"index, follow, max-snippet:-1, max-image-preview:large, max-video-preview:-1\" \/>\n<link rel=\"canonical\" href=\"https:\/\/fluxo.si\/en\/politica-da-qualidade\/\" \/>\n<meta property=\"og:locale\" content=\"en_US\" \/>\n<meta property=\"og:type\" content=\"article\" \/>\n<meta property=\"og:title\" content=\"Pol\u00edtica da Qualidade FLUXO - Fluxo Solu\u00e7\u00f5es\" \/>\n<meta property=\"og:description\" content=\"A FLUXO fornece servi\u00e7os de engenharia e sistemas englobando: montagem industrial, manuten\u00e7\u00e3o, treinamento e distribui\u00e7\u00e3o de equipamentos e pe\u00e7as para processos industriais, priorizando a gest\u00e3o da qualidade, seguran\u00e7a, sa\u00fade ocupacional e meio ambiente, assegurando o desenvolvimento da empresa. A FLUXO se dedica em:\" \/>\n<meta property=\"og:url\" content=\"https:\/\/fluxo.si\/en\/politica-da-qualidade\/\" \/>\n<meta property=\"og:site_name\" content=\"Fluxo Solu\u00e7\u00f5es\" \/>\n<meta property=\"article:modified_time\" content=\"2023-06-29T03:04:39+00:00\" \/>\n<meta name=\"twitter:card\" content=\"summary_large_image\" \/>\n<meta name=\"twitter:label1\" content=\"Est. reading time\" \/>\n\t<meta name=\"twitter:data1\" content=\"1 minute\" \/>\n<script type=\"application\/ld+json\" class=\"yoast-schema-graph\">{\"@context\":\"https:\\\/\\\/schema.org\",\"@graph\":[{\"@type\":\"WebPage\",\"@id\":\"https:\\\/\\\/fluxo.si\\\/politica-da-qualidade\\\/\",\"url\":\"https:\\\/\\\/fluxo.si\\\/politica-da-qualidade\\\/\",\"name\":\"Pol\u00edtica da Qualidade FLUXO - Fluxo Solu\u00e7\u00f5es\",\"isPartOf\":{\"@id\":\"https:\\\/\\\/fluxo.si\\\/#website\"},\"datePublished\":\"2023-06-29T03:04:38+00:00\",\"dateModified\":\"2023-06-29T03:04:39+00:00\",\"breadcrumb\":{\"@id\":\"https:\\\/\\\/fluxo.si\\\/politica-da-qualidade\\\/#breadcrumb\"},\"inLanguage\":\"en-US\",\"potentialAction\":[{\"@type\":\"ReadAction\",\"target\":[\"https:\\\/\\\/fluxo.si\\\/politica-da-qualidade\\\/\"]}]},{\"@type\":\"BreadcrumbList\",\"@id\":\"https:\\\/\\\/fluxo.si\\\/politica-da-qualidade\\\/#breadcrumb\",\"itemListElement\":[{\"@type\":\"ListItem\",\"position\":1,\"name\":\"In\u00edcio\",\"item\":\"https:\\\/\\\/fluxo.si\\\/\"},{\"@type\":\"ListItem\",\"position\":2,\"name\":\"Pol\u00edtica da Qualidade FLUXO\"}]},{\"@type\":\"WebSite\",\"@id\":\"https:\\\/\\\/fluxo.si\\\/#website\",\"url\":\"https:\\\/\\\/fluxo.si\\\/\",\"name\":\"Fluxo Solu\u00e7\u00f5es\",\"description\":\"Solu\u00e7\u00f5es e servi\u00e7os para processos industriais de produ\u00e7\u00e3o, movimenta\u00e7\u00e3o e armazenagem de fluidos.\",\"publisher\":{\"@id\":\"https:\\\/\\\/fluxo.si\\\/#organization\"},\"potentialAction\":[{\"@type\":\"SearchAction\",\"target\":{\"@type\":\"EntryPoint\",\"urlTemplate\":\"https:\\\/\\\/fluxo.si\\\/?s={search_term_string}\"},\"query-input\":{\"@type\":\"PropertyValueSpecification\",\"valueRequired\":true,\"valueName\":\"search_term_string\"}}],\"inLanguage\":\"en-US\"},{\"@type\":\"Organization\",\"@id\":\"https:\\\/\\\/fluxo.si\\\/#organization\",\"name\":\"Fluxo Solu\u00e7\u00f5es Integradas\",\"url\":\"https:\\\/\\\/fluxo.si\\\/\",\"logo\":{\"@type\":\"ImageObject\",\"inLanguage\":\"en-US\",\"@id\":\"https:\\\/\\\/fluxo.si\\\/#\\\/schema\\\/logo\\\/image\\\/\",\"url\":\"https:\\\/\\\/fluxo.si\\\/wp-content\\\/uploads\\\/2021\\\/05\\\/logo-fluxo-800.png\",\"contentUrl\":\"https:\\\/\\\/fluxo.si\\\/wp-content\\\/uploads\\\/2021\\\/05\\\/logo-fluxo-800.png\",\"width\":800,\"height\":268,\"caption\":\"Fluxo Solu\u00e7\u00f5es Integradas\"},\"image\":{\"@id\":\"https:\\\/\\\/fluxo.si\\\/#\\\/schema\\\/logo\\\/image\\\/\"},\"sameAs\":[\"https:\\\/\\\/www.linkedin.com\\\/company\\\/fluxosolutions\\\/\"]}]}<\/script>\n<!-- \/ Yoast SEO plugin. -->","yoast_head_json":{"title":"FLUXO Quality Policy - Fluxo Solutions","robots":{"index":"index","follow":"follow","max-snippet":"max-snippet:-1","max-image-preview":"max-image-preview:large","max-video-preview":"max-video-preview:-1"},"canonical":"https:\/\/fluxo.si\/en\/politica-da-qualidade\/","og_locale":"en_US","og_type":"article","og_title":"Pol\u00edtica da Qualidade FLUXO - Fluxo Solu\u00e7\u00f5es","og_description":"A FLUXO fornece servi\u00e7os de engenharia e sistemas englobando: montagem industrial, manuten\u00e7\u00e3o, treinamento e distribui\u00e7\u00e3o de equipamentos e pe\u00e7as para processos industriais, priorizando a gest\u00e3o da qualidade, seguran\u00e7a, sa\u00fade ocupacional e meio ambiente, assegurando o desenvolvimento da empresa. A FLUXO se dedica em:","og_url":"https:\/\/fluxo.si\/en\/politica-da-qualidade\/","og_site_name":"Fluxo Solu\u00e7\u00f5es","article_modified_time":"2023-06-29T03:04:39+00:00","twitter_card":"summary_large_image","twitter_misc":{"Est. reading time":"1 minute"},"schema":{"@context":"https:\/\/schema.org","@graph":[{"@type":"WebPage","@id":"https:\/\/fluxo.si\/politica-da-qualidade\/","url":"https:\/\/fluxo.si\/politica-da-qualidade\/","name":"FLUXO Quality Policy - Fluxo Solutions","isPartOf":{"@id":"https:\/\/fluxo.si\/#website"},"datePublished":"2023-06-29T03:04:38+00:00","dateModified":"2023-06-29T03:04:39+00:00","breadcrumb":{"@id":"https:\/\/fluxo.si\/politica-da-qualidade\/#breadcrumb"},"inLanguage":"en-US","potentialAction":[{"@type":"ReadAction","target":["https:\/\/fluxo.si\/politica-da-qualidade\/"]}]},{"@type":"BreadcrumbList","@id":"https:\/\/fluxo.si\/politica-da-qualidade\/#breadcrumb","itemListElement":[{"@type":"ListItem","position":1,"name":"In\u00edcio","item":"https:\/\/fluxo.si\/"},{"@type":"ListItem","position":2,"name":"Pol\u00edtica da Qualidade FLUXO"}]},{"@type":"WebSite","@id":"https:\/\/fluxo.si\/#website","url":"https:\/\/fluxo.si\/","name":"Flow Solutions","description":"Solutions and services for industrial processes of production, movement and storage of fluids.","publisher":{"@id":"https:\/\/fluxo.si\/#organization"},"potentialAction":[{"@type":"SearchAction","target":{"@type":"EntryPoint","urlTemplate":"https:\/\/fluxo.si\/?s={search_term_string}"},"query-input":{"@type":"PropertyValueSpecification","valueRequired":true,"valueName":"search_term_string"}}],"inLanguage":"en-US"},{"@type":"Organization","@id":"https:\/\/fluxo.si\/#organization","name":"Integrated Solutions Flow","url":"https:\/\/fluxo.si\/","logo":{"@type":"ImageObject","inLanguage":"en-US","@id":"https:\/\/fluxo.si\/#\/schema\/logo\/image\/","url":"https:\/\/fluxo.si\/wp-content\/uploads\/2021\/05\/logo-fluxo-800.png","contentUrl":"https:\/\/fluxo.si\/wp-content\/uploads\/2021\/05\/logo-fluxo-800.png","width":800,"height":268,"caption":"Fluxo Solu\u00e7\u00f5es Integradas"},"image":{"@id":"https:\/\/fluxo.si\/#\/schema\/logo\/image\/"},"sameAs":["https:\/\/www.linkedin.com\/company\/fluxosolutions\/"]}]}},"_links":{"self":[{"href":"https:\/\/fluxo.si\/en\/wp-json\/wp\/v2\/pages\/6527","targetHints":{"allow":["GET"]}}],"collection":[{"href":"https:\/\/fluxo.si\/en\/wp-json\/wp\/v2\/pages"}],"about":[{"href":"https:\/\/fluxo.si\/en\/wp-json\/wp\/v2\/types\/page"}],"author":[{"embeddable":true,"href":"https:\/\/fluxo.si\/en\/wp-json\/wp\/v2\/users\/2"}],"replies":[{"embeddable":true,"href":"https:\/\/fluxo.si\/en\/wp-json\/wp\/v2\/comments?post=6527"}],"version-history":[{"count":2,"href":"https:\/\/fluxo.si\/en\/wp-json\/wp\/v2\/pages\/6527\/revisions"}],"predecessor-version":[{"id":6529,"href":"https:\/\/fluxo.si\/en\/wp-json\/wp\/v2\/pages\/6527\/revisions\/6529"}],"wp:attachment":[{"href":"https:\/\/fluxo.si\/en\/wp-json\/wp\/v2\/media?parent=6527"}],"curies":[{"name":"wp","href":"https:\/\/api.w.org\/{rel}","templated":true}]}}