{"id":64,"date":"2021-05-31T16:47:06","date_gmt":"2021-05-31T16:47:06","guid":{"rendered":"https:\/\/fluxo.si\/?page_id=64"},"modified":"2025-06-04T13:49:24","modified_gmt":"2025-06-04T13:49:24","slug":"contato","status":"publish","type":"page","link":"https:\/\/fluxo.si\/en\/contato\/","title":{"rendered":"Contact"},"content":{"rendered":"<div class=\"wp-block-columns is-layout-flex wp-container-core-columns-is-layout-9d6595d7 wp-block-columns-is-layout-flex\">\n<div class=\"wp-block-column is-layout-flow wp-block-column-is-layout-flow\" style=\"flex-basis:66.66%\">\n<div class=\"wp-block-contact-form-7-contact-form-selector\">\n<div class=\"wpcf7 no-js\" id=\"wpcf7-f5755-o1\" lang=\"pt-BR\" dir=\"ltr\" data-wpcf7-id=\"5755\">\n<div class=\"screen-reader-response\"><p role=\"status\" aria-live=\"polite\" aria-atomic=\"true\"><\/p> <ul><\/ul><\/div>\n<form action=\"\/en\/wp-json\/wp\/v2\/pages\/64#wpcf7-f5755-o1\" method=\"post\" class=\"wpcf7-form init\" aria-label=\"contact forms\" novalidate=\"novalidate\" data-status=\"init\" data-trp-original-action=\"\/en\/wp-json\/wp\/v2\/pages\/64#wpcf7-f5755-o1\">\n<fieldset class=\"hidden-fields-container\"><input type=\"hidden\" name=\"_wpcf7\" value=\"5755\" \/><input type=\"hidden\" name=\"_wpcf7_version\" value=\"6.1.5\" \/><input type=\"hidden\" name=\"_wpcf7_locale\" value=\"pt_BR\" \/><input type=\"hidden\" name=\"_wpcf7_unit_tag\" value=\"wpcf7-f5755-o1\" \/><input type=\"hidden\" name=\"_wpcf7_container_post\" value=\"0\" \/><input type=\"hidden\" name=\"_wpcf7_posted_data_hash\" value=\"\" \/><input type=\"hidden\" name=\"_wpcf7_recaptcha_response\" value=\"\" \/>\n<\/fieldset>\n<p><label>Your name<\/label><br \/>\n<span class=\"wpcf7-form-control-wrap\" data-name=\"nome\"><input size=\"40\" maxlength=\"400\" class=\"wpcf7-form-control wpcf7-text\" aria-invalid=\"false\" value=\"\" type=\"text\" name=\"nome\" \/><\/span>\n<\/p>\n<p><label>Your email<\/label><br \/>\n<span class=\"wpcf7-form-control-wrap\" data-name=\"email\"><input size=\"40\" maxlength=\"400\" class=\"wpcf7-form-control wpcf7-email wpcf7-validates-as-required wpcf7-text wpcf7-validates-as-email\" aria-required=\"true\" aria-invalid=\"false\" value=\"\" type=\"email\" name=\"email\" \/><\/span>\n<\/p>\n<p><label>Subject<\/label><br \/>\n<span class=\"wpcf7-form-control-wrap\" data-name=\"Assunto\"><select class=\"wpcf7-form-control wpcf7-select wpcf7-validates-as-required\" id=\"assunto\" aria-required=\"true\" aria-invalid=\"false\" name=\"Assunto\"><option value=\"\">\u2014Choose an option\u2014<\/option><option value=\"Vendas\">Sales<\/option><option value=\"Assist\u00eancia T\u00e9cnica\">Technical assistance<\/option><option value=\"Reclama\u00e7\u00e3o\">Complaint<\/option><\/select><\/span>\n<\/p>\n<p><label> Message<\/label><br \/>\n<span class=\"wpcf7-form-control-wrap\" data-name=\"messagem\"><textarea cols=\"10\" rows=\"5\" maxlength=\"2000\" class=\"wpcf7-form-control wpcf7-textarea wpcf7-validates-as-required\" aria-required=\"true\" aria-invalid=\"false\" name=\"messagem\"><\/textarea><\/span>\n<\/p>\n<p><input class=\"wpcf7-form-control wpcf7-submit has-spinner\" type=\"submit\" value=\"To send\" \/>\n<\/p>\n<p><small>This site is protected by reCAPTCHA and the Google <a href=\"https:\/\/policies.google.com\/privacy\">Privacy Policy<\/a> and <a href=\"https:\/\/policies.google.com\/terms\">Terms of Service<\/a> apply.<\/small>\n<\/p><div class=\"wpcf7-response-output\" aria-hidden=\"true\"><\/div>\n<input type=\"hidden\" name=\"trp-form-language\" value=\"en\"\/><\/form>\n<\/div>\n<\/div>\n<\/div>\n\n\n\n<div class=\"wp-block-column is-layout-flow wp-block-column-is-layout-flow\" style=\"flex-basis:33.33%\">\n<h3 class=\"wp-block-heading\">Sao Paulo<\/h3>\n\n\n\n<p class=\"has-small-font-size\">Av. Doutor Hugo Beolchi, 445<br>7th Floor - Vila Guarani<br>04310-030 \/ S\u00e3o Paulo - SP<br>+55 (11) <strong>5098-6714<\/strong><br><a href=\"mailto:saopaulo@fluxo.si\">Sao Paulo@<\/a><a href=\"http:\/\/fluxo.si\/en\/\" target=\"_blank\" rel=\"noreferrer noopener\">flow.si<\/a><\/p>\n\n\n\n<p class=\"has-small-font-size\">Rua Esp\u00edrito Santo, 300<br>Solar I Farm (Fazendinha)<br>06530-015 \/ Santana de Parna\u00edba - SP<br>+55 (11)&nbsp;<strong>5098-6711<\/strong><br><a href=\"mailto:saopaulo@fluxo.si\">saopaulo@fluxo.si<\/a><\/p>\n\n\n\n<h3 class=\"wp-block-heading\">Rio de Janeiro<\/h3>\n\n\n\n<p class=\"has-small-font-size\">Santa Luzia Street, 651, Block 2401<br>Condominium Edf. Santos Dumont - Center<br>20030-041 \/ Rio de Janeiro - RJ<br>+55 (21) <strong>3861-4800<\/strong><br><a href=\"mailto:riodejaneiro@fluxo.si\">Rio de Janeiro@<\/a><a href=\"http:\/\/fluxo.si\/en\/\" target=\"_blank\" rel=\"noreferrer noopener\">flow.si<\/a><\/p>\n\n\n\n<p class=\"has-small-font-size\">245, Alcides Street<br>Block 0Z1, Lot 03A - Enchanted Valley<br>27933-378 \/ Macae - RJ<br>+55 (21) <strong>3861-4800<\/strong><br><a href=\"mailto:riodejaneiro@fluxo.si\">Rio de Janeiro@<\/a><a href=\"http:\/\/fluxo.si\/en\/\" target=\"_blank\" rel=\"noreferrer noopener\">flow.si<\/a><\/p>\n\n\n\n<h3 class=\"wp-block-heading\">Bahia<\/h3>\n\n\n\n<p class=\"has-small-font-size\">Manoel Barreto Street, 717, Gra\u00e7a<br>40150-360 \/ Salvador - BA<br>+55 (71) <strong>2102-3500<\/strong> <br>+55 (71) <strong>3324-3500<\/strong><br><a href=\"mailto:salvador@fluxo.si\">savior@<\/a><a href=\"http:\/\/fluxo.si\/en\/\" target=\"_blank\" rel=\"noreferrer noopener\">flow.si<\/a><\/p>\n<\/div>\n<\/div>","protected":false},"excerpt":{"rendered":"<p>S\u00e3o Paulo Av. Doutor Hugo Beolchi, 4457\u00ba Andar - Vila Guarani04310-030 \/ S\u00e3o Paulo - SP+55 (11) 5098-6714saopaulo@fluxo.si Rua Esp\u00edrito Santo, 300Ch\u00e1cara do Solar I (Fazendinha)06530-015 \/ Santana de Parna\u00edba - SP+55 (11)&nbsp;5098-6711saopaulo@fluxo.si Rio de Janeiro Rua Santa Luzia, 651, Cj. 2401Condom\u00ednio Edf. Santos Dumont - Centro20030-041 \/ Rio de Janeiro - RJ+55 (21) 3861-4800riodejaneiro@fluxo.si [&hellip;]<\/p>\n","protected":false},"author":1,"featured_media":0,"parent":0,"menu_order":6,"comment_status":"closed","ping_status":"closed","template":"","meta":{"_acf_changed":false,"_monsterinsights_skip_tracking":false,"_monsterinsights_sitenote_active":false,"_monsterinsights_sitenote_note":"","_monsterinsights_sitenote_category":0,"footnotes":""},"class_list":["post-64","page","type-page","status-publish","hentry"],"acf":[],"yoast_head":"<!-- This site is optimized with the Yoast SEO plugin v27.4 - https:\/\/yoast.com\/product\/yoast-seo-wordpress\/ -->\n<title>Contato - Fluxo Solu\u00e7\u00f5es<\/title>\n<meta name=\"robots\" content=\"index, follow, max-snippet:-1, max-image-preview:large, max-video-preview:-1\" \/>\n<link rel=\"canonical\" href=\"https:\/\/fluxo.si\/en\/contato\/\" \/>\n<meta property=\"og:locale\" content=\"en_US\" \/>\n<meta property=\"og:type\" content=\"article\" \/>\n<meta property=\"og:title\" content=\"Contato - Fluxo Solu\u00e7\u00f5es\" \/>\n<meta property=\"og:description\" content=\"S\u00e3o Paulo Av. Doutor Hugo Beolchi, 4457\u00ba Andar - Vila Guarani04310-030 \/ S\u00e3o Paulo - SP+55 (11) 5098-6714saopaulo@fluxo.si Rua Esp\u00edrito Santo, 300Ch\u00e1cara do Solar I (Fazendinha)06530-015 \/ Santana de Parna\u00edba - SP+55 (11)&nbsp;5098-6711saopaulo@fluxo.si Rio de Janeiro Rua Santa Luzia, 651, Cj. 2401Condom\u00ednio Edf. Santos Dumont - Centro20030-041 \/ Rio de Janeiro - RJ+55 (21) 3861-4800riodejaneiro@fluxo.si [&hellip;]\" \/>\n<meta property=\"og:url\" content=\"https:\/\/fluxo.si\/en\/contato\/\" \/>\n<meta property=\"og:site_name\" content=\"Fluxo Solu\u00e7\u00f5es\" \/>\n<meta property=\"article:modified_time\" content=\"2025-06-04T13:49:24+00:00\" \/>\n<meta name=\"twitter:card\" content=\"summary_large_image\" \/>\n<meta name=\"twitter:label1\" content=\"Est. reading time\" \/>\n\t<meta name=\"twitter:data1\" content=\"1 minute\" \/>\n<script type=\"application\/ld+json\" class=\"yoast-schema-graph\">{\"@context\":\"https:\\\/\\\/schema.org\",\"@graph\":[{\"@type\":\"WebPage\",\"@id\":\"https:\\\/\\\/fluxo.si\\\/contato\\\/\",\"url\":\"https:\\\/\\\/fluxo.si\\\/contato\\\/\",\"name\":\"Contato - Fluxo Solu\u00e7\u00f5es\",\"isPartOf\":{\"@id\":\"https:\\\/\\\/fluxo.si\\\/#website\"},\"datePublished\":\"2021-05-31T16:47:06+00:00\",\"dateModified\":\"2025-06-04T13:49:24+00:00\",\"breadcrumb\":{\"@id\":\"https:\\\/\\\/fluxo.si\\\/contato\\\/#breadcrumb\"},\"inLanguage\":\"en-US\",\"potentialAction\":[{\"@type\":\"ReadAction\",\"target\":[\"https:\\\/\\\/fluxo.si\\\/contato\\\/\"]}]},{\"@type\":\"BreadcrumbList\",\"@id\":\"https:\\\/\\\/fluxo.si\\\/contato\\\/#breadcrumb\",\"itemListElement\":[{\"@type\":\"ListItem\",\"position\":1,\"name\":\"In\u00edcio\",\"item\":\"https:\\\/\\\/fluxo.si\\\/\"},{\"@type\":\"ListItem\",\"position\":2,\"name\":\"Contato\"}]},{\"@type\":\"WebSite\",\"@id\":\"https:\\\/\\\/fluxo.si\\\/#website\",\"url\":\"https:\\\/\\\/fluxo.si\\\/\",\"name\":\"Fluxo Solu\u00e7\u00f5es\",\"description\":\"Solu\u00e7\u00f5es e servi\u00e7os para processos industriais de produ\u00e7\u00e3o, movimenta\u00e7\u00e3o e armazenagem de fluidos.\",\"publisher\":{\"@id\":\"https:\\\/\\\/fluxo.si\\\/#organization\"},\"potentialAction\":[{\"@type\":\"SearchAction\",\"target\":{\"@type\":\"EntryPoint\",\"urlTemplate\":\"https:\\\/\\\/fluxo.si\\\/?s={search_term_string}\"},\"query-input\":{\"@type\":\"PropertyValueSpecification\",\"valueRequired\":true,\"valueName\":\"search_term_string\"}}],\"inLanguage\":\"en-US\"},{\"@type\":\"Organization\",\"@id\":\"https:\\\/\\\/fluxo.si\\\/#organization\",\"name\":\"Fluxo Solu\u00e7\u00f5es Integradas\",\"url\":\"https:\\\/\\\/fluxo.si\\\/\",\"logo\":{\"@type\":\"ImageObject\",\"inLanguage\":\"en-US\",\"@id\":\"https:\\\/\\\/fluxo.si\\\/#\\\/schema\\\/logo\\\/image\\\/\",\"url\":\"https:\\\/\\\/fluxo.si\\\/wp-content\\\/uploads\\\/2021\\\/05\\\/logo-fluxo-800.png\",\"contentUrl\":\"https:\\\/\\\/fluxo.si\\\/wp-content\\\/uploads\\\/2021\\\/05\\\/logo-fluxo-800.png\",\"width\":800,\"height\":268,\"caption\":\"Fluxo Solu\u00e7\u00f5es Integradas\"},\"image\":{\"@id\":\"https:\\\/\\\/fluxo.si\\\/#\\\/schema\\\/logo\\\/image\\\/\"},\"sameAs\":[\"https:\\\/\\\/www.linkedin.com\\\/company\\\/fluxosolutions\\\/\"]}]}<\/script>\n<!-- \/ Yoast SEO plugin. -->","yoast_head_json":{"title":"Contact - Fluxo Solutions","robots":{"index":"index","follow":"follow","max-snippet":"max-snippet:-1","max-image-preview":"max-image-preview:large","max-video-preview":"max-video-preview:-1"},"canonical":"https:\/\/fluxo.si\/en\/contato\/","og_locale":"en_US","og_type":"article","og_title":"Contato - Fluxo Solu\u00e7\u00f5es","og_description":"S\u00e3o Paulo Av. Doutor Hugo Beolchi, 4457\u00ba Andar - Vila Guarani04310-030 \/ S\u00e3o Paulo - SP+55 (11) 5098-6714saopaulo@fluxo.si Rua Esp\u00edrito Santo, 300Ch\u00e1cara do Solar I (Fazendinha)06530-015 \/ Santana de Parna\u00edba - SP+55 (11)&nbsp;5098-6711saopaulo@fluxo.si Rio de Janeiro Rua Santa Luzia, 651, Cj. 2401Condom\u00ednio Edf. Santos Dumont - Centro20030-041 \/ Rio de Janeiro - RJ+55 (21) 3861-4800riodejaneiro@fluxo.si [&hellip;]","og_url":"https:\/\/fluxo.si\/en\/contato\/","og_site_name":"Fluxo Solu\u00e7\u00f5es","article_modified_time":"2025-06-04T13:49:24+00:00","twitter_card":"summary_large_image","twitter_misc":{"Est. reading time":"1 minute"},"schema":{"@context":"https:\/\/schema.org","@graph":[{"@type":"WebPage","@id":"https:\/\/fluxo.si\/contato\/","url":"https:\/\/fluxo.si\/contato\/","name":"Contact - Fluxo Solutions","isPartOf":{"@id":"https:\/\/fluxo.si\/#website"},"datePublished":"2021-05-31T16:47:06+00:00","dateModified":"2025-06-04T13:49:24+00:00","breadcrumb":{"@id":"https:\/\/fluxo.si\/contato\/#breadcrumb"},"inLanguage":"en-US","potentialAction":[{"@type":"ReadAction","target":["https:\/\/fluxo.si\/contato\/"]}]},{"@type":"BreadcrumbList","@id":"https:\/\/fluxo.si\/contato\/#breadcrumb","itemListElement":[{"@type":"ListItem","position":1,"name":"In\u00edcio","item":"https:\/\/fluxo.si\/"},{"@type":"ListItem","position":2,"name":"Contato"}]},{"@type":"WebSite","@id":"https:\/\/fluxo.si\/#website","url":"https:\/\/fluxo.si\/","name":"Flow Solutions","description":"Solutions and services for industrial processes of production, movement and storage of fluids.","publisher":{"@id":"https:\/\/fluxo.si\/#organization"},"potentialAction":[{"@type":"SearchAction","target":{"@type":"EntryPoint","urlTemplate":"https:\/\/fluxo.si\/?s={search_term_string}"},"query-input":{"@type":"PropertyValueSpecification","valueRequired":true,"valueName":"search_term_string"}}],"inLanguage":"en-US"},{"@type":"Organization","@id":"https:\/\/fluxo.si\/#organization","name":"Integrated Solutions Flow","url":"https:\/\/fluxo.si\/","logo":{"@type":"ImageObject","inLanguage":"en-US","@id":"https:\/\/fluxo.si\/#\/schema\/logo\/image\/","url":"https:\/\/fluxo.si\/wp-content\/uploads\/2021\/05\/logo-fluxo-800.png","contentUrl":"https:\/\/fluxo.si\/wp-content\/uploads\/2021\/05\/logo-fluxo-800.png","width":800,"height":268,"caption":"Fluxo Solu\u00e7\u00f5es Integradas"},"image":{"@id":"https:\/\/fluxo.si\/#\/schema\/logo\/image\/"},"sameAs":["https:\/\/www.linkedin.com\/company\/fluxosolutions\/"]}]}},"_links":{"self":[{"href":"https:\/\/fluxo.si\/en\/wp-json\/wp\/v2\/pages\/64","targetHints":{"allow":["GET"]}}],"collection":[{"href":"https:\/\/fluxo.si\/en\/wp-json\/wp\/v2\/pages"}],"about":[{"href":"https:\/\/fluxo.si\/en\/wp-json\/wp\/v2\/types\/page"}],"author":[{"embeddable":true,"href":"https:\/\/fluxo.si\/en\/wp-json\/wp\/v2\/users\/1"}],"replies":[{"embeddable":true,"href":"https:\/\/fluxo.si\/en\/wp-json\/wp\/v2\/comments?post=64"}],"version-history":[{"count":25,"href":"https:\/\/fluxo.si\/en\/wp-json\/wp\/v2\/pages\/64\/revisions"}],"predecessor-version":[{"id":6989,"href":"https:\/\/fluxo.si\/en\/wp-json\/wp\/v2\/pages\/64\/revisions\/6989"}],"wp:attachment":[{"href":"https:\/\/fluxo.si\/en\/wp-json\/wp\/v2\/media?parent=64"}],"curies":[{"name":"wp","href":"https:\/\/api.w.org\/{rel}","templated":true}]}}