{"id":6203,"date":"2022-08-17T21:47:19","date_gmt":"2022-08-17T21:47:19","guid":{"rendered":"https:\/\/fluxo.si\/?page_id=6203"},"modified":"2022-08-17T22:49:47","modified_gmt":"2022-08-17T22:49:47","slug":"politica-de-cookies","status":"publish","type":"page","link":"https:\/\/fluxo.si\/en\/politica-de-cookies\/","title":{"rendered":"Cookies Policy"},"content":{"rendered":"<p><strong>Read with attention! Your privacy is of great importance to us at Fluxo Solu\u00e7\u00f5es Integradas.<\/strong><\/p>\n\n\n\n<p>By clicking on the \u201c<strong><u>I ACCEPT\u201d, the USER declares that he is aware of the processing of his personal data under the terms of this POLICY OF <em>COOKIES<\/em><\/u><\/strong>. IF THE USER DOES NOT AGREE WITH THE TERMS AND CONDITIONS SET FORTH HEREIN, THE USER MUST IMMEDIATELY DISCONTINUE USING THIS WEBSITE.<\/p>\n\n\n\n<h2 class=\"wp-block-heading\">how we use <em>Cookies?<\/em><\/h2>\n\n\n\n<h3 class=\"wp-block-heading\">1. Which <em>Cookies <\/em>can we use?<\/h3>\n\n\n\n<p><strong>1.1<\/strong>. <strong><em>Cookies<\/em> strictly necessary: <\/strong>you <em>Cookies<\/em> essential for the Fluxo.si portal to perform basic functions and guarantee its security. They include all <em>Cookies <\/em>necessary to allow registered users to authenticate and perform account-related functions used only by employees and content publishers.<\/p>\n\n\n\n<p><strong>1.2<\/strong>. <strong><em>Cookies<\/em> of functionality<\/strong>: These <em>Cookies<\/em> are used to store user-defined preferences such as account name, language and location.<\/p>\n\n\n\n<p><strong>1.3<\/strong>. <strong><em>Cookies<\/em> of performance: <\/strong>you <em>Cookies<\/em> of performance collect information in a way <strong>anonymous<\/strong> about how users interact with the Fluxo.si Portal, including their browsing history. We use this information to improve your experience by improving the functioning of the site.<\/p>\n\n\n\n<h3 class=\"wp-block-heading\">2. What legal bases do we use to process your data?\u00a0<\/h3>\n\n\n\n<p><strong>2.1.<\/strong> We process the personal data eventually collected through <em>Cookies<\/em> strictly necessary and performance based on legitimate interest.<\/p>\n\n\n\n<h3 class=\"wp-block-heading\">3. How long do we store your data?<\/h3>\n\n\n\n<p><strong>3.1.<\/strong> As explained, the only c<em>cookies<\/em> that can be used to identify it are the <em>Cookies<\/em> necessary and performance, which, as a rule, are stored only for the period of use of the fluio.si portal <strong>or<\/strong> for a short time after use.<\/p>\n\n\n\n<h2 class=\"wp-block-heading\">Your rights and how to exercise them<\/h2>\n\n\n\n<p>We, at the Organization, respect the rights granted to holders as necessary for the proper functioning of democracy in a digital world and we always seek to inform them about these rights, as well as to facilitate their safe exercise.<\/p>\n\n\n\n<h3 class=\"wp-block-heading\">1. What Rights do Holders have?<\/h3>\n\n\n\n<p>The General Data Protection Law (Law No. 13.709\/2018) reaffirmed a series of rights to the Data Subject, which may be exercised under the terms of this policy, namely:<\/p>\n\n\n\n<ul class=\"wp-block-list\"><li><strong>Right to Information:<\/strong> is the right of the data subject to obtain clear, accurate information in simple and intelligible language regarding the processing of information about him. It includes the right to confirm the existence of a treatment, to access the data that the organization contains about you, to be informed about the transfer of this data to third parties and the consequences of refusing your consent, once your consent is requested.<ul><li><strong>Right of rectification:<\/strong> is the right of the holder to correct any data that is wrong or out of date about him.<\/li><\/ul><ul><li>&nbsp;<strong>Right to be forgotten:<\/strong> grants the holder the right to anonymize, block or delete data that have become unnecessary or are being treated in violation of the General Data Protection Law.&nbsp;<\/li><\/ul><ul><li><strong>Right of Portability:<\/strong> is the right of the data subject to receive a copy of all personal data concerning his person that are in the possession of the organization, or to request that said copy be sent directly to a data controller.<\/li><\/ul><ul><li><strong>Right to Withdraw Consent:<\/strong> guarantees to the Data Subject that, if the data processing is based on their consent, they may, at any time and in a no more complex way than the one with which their consent was collected, withdraw the aforementioned consent and demand the elimination, blocking or anonymization of your personal data processed on the basis of them.<\/li><\/ul><\/li><\/ul>\n\n\n\n<h3 class=\"wp-block-heading\">2. How can the holder exercise his rights?<\/h3>\n\n\n\n<p>Owners can change their privacy settings through our <em>Cookies<\/em>, clicking. If the manager <em>Cookies<\/em> is not sufficient for the proper exercise of your Rights, you can contact the Data Protection Committee via the email address \u201cdpo@fluxo.si\u201d. Our DPO, Ms. Christina Tiscenko, will serve you.<\/p>\n\n\n\n<p><strong>2.1. <\/strong>We request that the request, and the information on which it is based, be presented in a clear and precise manner, in order to enable a speedy and effective service.<\/p>\n\n\n\n<p><strong>2.2.<\/strong> In order to avoid fraud, the holder-applicant may be asked to attach, along with the request, a copy of a document proving his identity.<\/p>\n\n\n\n<p><strong>2.3. <\/strong>Said copy of the document will be discarded once the holder&#039;s request has been met, however data contained therein may be kept on record for purposes of demonstrating compliance.<\/p>\n\n\n\n<h2 class=\"wp-block-heading\">Contact<\/h2>\n\n\n\n<p>In case of any other questions regarding the use and security of your data, you can contact our Committee, through our DPO, through the email address \u201cdpo@fluxo.si\u201d.<\/p>\n\n\n\n<h2 class=\"wp-block-heading\">Policy review<\/h2>\n\n\n\n<p>We are in the process of continuous improvement, which is why we reserve the right to review and update this policy whenever necessary. In addition, we undertake to visit and review it at least annually.&nbsp;<\/p>\n\n\n\n<p><a id=\"_msocom_1\"><\/a><\/p>","protected":false},"excerpt":{"rendered":"<p>Leia com aten\u00e7\u00e3o! A sua privacidade \u00e9 de grande import\u00e2ncia para n\u00f3s, da Fluxo Solu\u00e7\u00f5es Integradas. Ao clicar no bot\u00e3o \u201cACEITO\u201d, o USU\u00c1RIO declara-se ciente a respeito dos tratamentos de seus dados pessoais nos termos da presente POL\u00cdTICA DE COOKIES. CASO O USU\u00c1RIO N\u00c3O CONCORDE COM OS TERMOS E CONDI\u00c7\u00d5ES AQUI EXPOSTOS, DEVE INTERROMPER IMEDIATAMENTE [&hellip;]<\/p>\n","protected":false},"author":1,"featured_media":0,"parent":0,"menu_order":12,"comment_status":"closed","ping_status":"closed","template":"","meta":{"_acf_changed":false,"_monsterinsights_skip_tracking":false,"_monsterinsights_sitenote_active":false,"_monsterinsights_sitenote_note":"","_monsterinsights_sitenote_category":0,"footnotes":""},"class_list":["post-6203","page","type-page","status-publish","hentry"],"acf":[],"yoast_head":"<!-- This site is optimized with the Yoast SEO plugin v27.4 - https:\/\/yoast.com\/product\/yoast-seo-wordpress\/ -->\n<title>Pol\u00edtica de Cookies - Fluxo Solu\u00e7\u00f5es<\/title>\n<meta name=\"robots\" content=\"index, follow, max-snippet:-1, max-image-preview:large, max-video-preview:-1\" \/>\n<link rel=\"canonical\" href=\"https:\/\/fluxo.si\/en\/politica-de-cookies\/\" \/>\n<meta property=\"og:locale\" content=\"en_US\" \/>\n<meta property=\"og:type\" content=\"article\" \/>\n<meta property=\"og:title\" content=\"Pol\u00edtica de Cookies - Fluxo Solu\u00e7\u00f5es\" \/>\n<meta property=\"og:description\" content=\"Leia com aten\u00e7\u00e3o! A sua privacidade \u00e9 de grande import\u00e2ncia para n\u00f3s, da Fluxo Solu\u00e7\u00f5es Integradas. Ao clicar no bot\u00e3o \u201cACEITO\u201d, o USU\u00c1RIO declara-se ciente a respeito dos tratamentos de seus dados pessoais nos termos da presente POL\u00cdTICA DE COOKIES. CASO O USU\u00c1RIO N\u00c3O CONCORDE COM OS TERMOS E CONDI\u00c7\u00d5ES AQUI EXPOSTOS, DEVE INTERROMPER IMEDIATAMENTE [&hellip;]\" \/>\n<meta property=\"og:url\" content=\"https:\/\/fluxo.si\/en\/politica-de-cookies\/\" \/>\n<meta property=\"og:site_name\" content=\"Fluxo Solu\u00e7\u00f5es\" \/>\n<meta property=\"article:modified_time\" content=\"2022-08-17T22:49:47+00:00\" \/>\n<meta name=\"twitter:card\" content=\"summary_large_image\" \/>\n<meta name=\"twitter:label1\" content=\"Est. reading time\" \/>\n\t<meta name=\"twitter:data1\" content=\"4 minutes\" \/>\n<script type=\"application\/ld+json\" class=\"yoast-schema-graph\">{\"@context\":\"https:\\\/\\\/schema.org\",\"@graph\":[{\"@type\":\"WebPage\",\"@id\":\"https:\\\/\\\/fluxo.si\\\/politica-de-cookies\\\/\",\"url\":\"https:\\\/\\\/fluxo.si\\\/politica-de-cookies\\\/\",\"name\":\"Pol\u00edtica de Cookies - Fluxo Solu\u00e7\u00f5es\",\"isPartOf\":{\"@id\":\"https:\\\/\\\/fluxo.si\\\/#website\"},\"datePublished\":\"2022-08-17T21:47:19+00:00\",\"dateModified\":\"2022-08-17T22:49:47+00:00\",\"breadcrumb\":{\"@id\":\"https:\\\/\\\/fluxo.si\\\/politica-de-cookies\\\/#breadcrumb\"},\"inLanguage\":\"en-US\",\"potentialAction\":[{\"@type\":\"ReadAction\",\"target\":[\"https:\\\/\\\/fluxo.si\\\/politica-de-cookies\\\/\"]}]},{\"@type\":\"BreadcrumbList\",\"@id\":\"https:\\\/\\\/fluxo.si\\\/politica-de-cookies\\\/#breadcrumb\",\"itemListElement\":[{\"@type\":\"ListItem\",\"position\":1,\"name\":\"In\u00edcio\",\"item\":\"https:\\\/\\\/fluxo.si\\\/\"},{\"@type\":\"ListItem\",\"position\":2,\"name\":\"Pol\u00edtica de Cookies\"}]},{\"@type\":\"WebSite\",\"@id\":\"https:\\\/\\\/fluxo.si\\\/#website\",\"url\":\"https:\\\/\\\/fluxo.si\\\/\",\"name\":\"Fluxo Solu\u00e7\u00f5es\",\"description\":\"Solu\u00e7\u00f5es e servi\u00e7os para processos industriais de produ\u00e7\u00e3o, movimenta\u00e7\u00e3o e armazenagem de fluidos.\",\"publisher\":{\"@id\":\"https:\\\/\\\/fluxo.si\\\/#organization\"},\"potentialAction\":[{\"@type\":\"SearchAction\",\"target\":{\"@type\":\"EntryPoint\",\"urlTemplate\":\"https:\\\/\\\/fluxo.si\\\/?s={search_term_string}\"},\"query-input\":{\"@type\":\"PropertyValueSpecification\",\"valueRequired\":true,\"valueName\":\"search_term_string\"}}],\"inLanguage\":\"en-US\"},{\"@type\":\"Organization\",\"@id\":\"https:\\\/\\\/fluxo.si\\\/#organization\",\"name\":\"Fluxo Solu\u00e7\u00f5es Integradas\",\"url\":\"https:\\\/\\\/fluxo.si\\\/\",\"logo\":{\"@type\":\"ImageObject\",\"inLanguage\":\"en-US\",\"@id\":\"https:\\\/\\\/fluxo.si\\\/#\\\/schema\\\/logo\\\/image\\\/\",\"url\":\"https:\\\/\\\/fluxo.si\\\/wp-content\\\/uploads\\\/2021\\\/05\\\/logo-fluxo-800.png\",\"contentUrl\":\"https:\\\/\\\/fluxo.si\\\/wp-content\\\/uploads\\\/2021\\\/05\\\/logo-fluxo-800.png\",\"width\":800,\"height\":268,\"caption\":\"Fluxo Solu\u00e7\u00f5es Integradas\"},\"image\":{\"@id\":\"https:\\\/\\\/fluxo.si\\\/#\\\/schema\\\/logo\\\/image\\\/\"},\"sameAs\":[\"https:\\\/\\\/www.linkedin.com\\\/company\\\/fluxosolutions\\\/\"]}]}<\/script>\n<!-- \/ Yoast SEO plugin. -->","yoast_head_json":{"title":"Cookie Policy - Fluxo Solu\u00e7\u00f5es","robots":{"index":"index","follow":"follow","max-snippet":"max-snippet:-1","max-image-preview":"max-image-preview:large","max-video-preview":"max-video-preview:-1"},"canonical":"https:\/\/fluxo.si\/en\/politica-de-cookies\/","og_locale":"en_US","og_type":"article","og_title":"Pol\u00edtica de Cookies - Fluxo Solu\u00e7\u00f5es","og_description":"Leia com aten\u00e7\u00e3o! A sua privacidade \u00e9 de grande import\u00e2ncia para n\u00f3s, da Fluxo Solu\u00e7\u00f5es Integradas. Ao clicar no bot\u00e3o \u201cACEITO\u201d, o USU\u00c1RIO declara-se ciente a respeito dos tratamentos de seus dados pessoais nos termos da presente POL\u00cdTICA DE COOKIES. CASO O USU\u00c1RIO N\u00c3O CONCORDE COM OS TERMOS E CONDI\u00c7\u00d5ES AQUI EXPOSTOS, DEVE INTERROMPER IMEDIATAMENTE [&hellip;]","og_url":"https:\/\/fluxo.si\/en\/politica-de-cookies\/","og_site_name":"Fluxo Solu\u00e7\u00f5es","article_modified_time":"2022-08-17T22:49:47+00:00","twitter_card":"summary_large_image","twitter_misc":{"Est. reading time":"4 minutes"},"schema":{"@context":"https:\/\/schema.org","@graph":[{"@type":"WebPage","@id":"https:\/\/fluxo.si\/politica-de-cookies\/","url":"https:\/\/fluxo.si\/politica-de-cookies\/","name":"Cookie Policy - Fluxo Solu\u00e7\u00f5es","isPartOf":{"@id":"https:\/\/fluxo.si\/#website"},"datePublished":"2022-08-17T21:47:19+00:00","dateModified":"2022-08-17T22:49:47+00:00","breadcrumb":{"@id":"https:\/\/fluxo.si\/politica-de-cookies\/#breadcrumb"},"inLanguage":"en-US","potentialAction":[{"@type":"ReadAction","target":["https:\/\/fluxo.si\/politica-de-cookies\/"]}]},{"@type":"BreadcrumbList","@id":"https:\/\/fluxo.si\/politica-de-cookies\/#breadcrumb","itemListElement":[{"@type":"ListItem","position":1,"name":"In\u00edcio","item":"https:\/\/fluxo.si\/"},{"@type":"ListItem","position":2,"name":"Pol\u00edtica de Cookies"}]},{"@type":"WebSite","@id":"https:\/\/fluxo.si\/#website","url":"https:\/\/fluxo.si\/","name":"Flow Solutions","description":"Solutions and services for industrial processes of production, movement and storage of fluids.","publisher":{"@id":"https:\/\/fluxo.si\/#organization"},"potentialAction":[{"@type":"SearchAction","target":{"@type":"EntryPoint","urlTemplate":"https:\/\/fluxo.si\/?s={search_term_string}"},"query-input":{"@type":"PropertyValueSpecification","valueRequired":true,"valueName":"search_term_string"}}],"inLanguage":"en-US"},{"@type":"Organization","@id":"https:\/\/fluxo.si\/#organization","name":"Integrated Solutions Flow","url":"https:\/\/fluxo.si\/","logo":{"@type":"ImageObject","inLanguage":"en-US","@id":"https:\/\/fluxo.si\/#\/schema\/logo\/image\/","url":"https:\/\/fluxo.si\/wp-content\/uploads\/2021\/05\/logo-fluxo-800.png","contentUrl":"https:\/\/fluxo.si\/wp-content\/uploads\/2021\/05\/logo-fluxo-800.png","width":800,"height":268,"caption":"Fluxo Solu\u00e7\u00f5es Integradas"},"image":{"@id":"https:\/\/fluxo.si\/#\/schema\/logo\/image\/"},"sameAs":["https:\/\/www.linkedin.com\/company\/fluxosolutions\/"]}]}},"_links":{"self":[{"href":"https:\/\/fluxo.si\/en\/wp-json\/wp\/v2\/pages\/6203","targetHints":{"allow":["GET"]}}],"collection":[{"href":"https:\/\/fluxo.si\/en\/wp-json\/wp\/v2\/pages"}],"about":[{"href":"https:\/\/fluxo.si\/en\/wp-json\/wp\/v2\/types\/page"}],"author":[{"embeddable":true,"href":"https:\/\/fluxo.si\/en\/wp-json\/wp\/v2\/users\/1"}],"replies":[{"embeddable":true,"href":"https:\/\/fluxo.si\/en\/wp-json\/wp\/v2\/comments?post=6203"}],"version-history":[{"count":3,"href":"https:\/\/fluxo.si\/en\/wp-json\/wp\/v2\/pages\/6203\/revisions"}],"predecessor-version":[{"id":6223,"href":"https:\/\/fluxo.si\/en\/wp-json\/wp\/v2\/pages\/6203\/revisions\/6223"}],"wp:attachment":[{"href":"https:\/\/fluxo.si\/en\/wp-json\/wp\/v2\/media?parent=6203"}],"curies":[{"name":"wp","href":"https:\/\/api.w.org\/{rel}","templated":true}]}}