{"id":60,"date":"2021-05-31T16:46:29","date_gmt":"2021-05-31T16:46:29","guid":{"rendered":"https:\/\/fluxo.si\/?page_id=60"},"modified":"2021-08-31T00:01:16","modified_gmt":"2021-08-31T00:01:16","slug":"servicos","status":"publish","type":"page","link":"https:\/\/fluxo.si\/en\/servicos\/","title":{"rendered":"Services"},"content":{"rendered":"<p class=\"has-medium-font-size\">Fluxo&#039;s Services Business Unit is structured to offer customers solutions in technical assistance, training and field services in the following equipment:<\/p>\n\n\n\n<ul class=\"wp-block-list\"><li>Instrumentation;<\/li><li>Actuators and valves;<\/li><li>Level measurement and telemetry;<\/li><li>loading and unloading skids;<\/li><li>steam recovery units;<\/li><li>Cogeneration systems with microturbines;<\/li><li>Loading arms.<\/li><\/ul>\n\n\n\n<p>The Fluxo Services BU is also involved in the development of reliability-based maintenance programs, through the preparation of studies and maintenance plans aimed at guaranteeing minimum availability levels for our customers. In addition to preparing these studies and plans, BU Servi\u00e7os implements, executes and manages the maintenance of equipment, areas or plants, ensuring their availability for our customers.<\/p>\n\n\n\n<p><strong>BU Services is basically organized into two areas:<\/strong><\/p>\n\n\n\n<h2 class=\"wp-block-heading\">Field services and technical assistance<\/h2>\n\n\n\n<p>Structure formed by a team of technical specialists, trained by the manufacturers, in the different disciplines in which we operate, in addition to a planning structure to ensure that our customers&#039; needs for technical assistance in the laboratory or field, training and other field services are met.<\/p>\n\n\n\n<h2 class=\"wp-block-heading\">Maintenance contracts<\/h2>\n\n\n\n<p>Structure formed by technical specialists and consultants in the field of reliability-based maintenance, who work in the design, implementation, execution and management of maintenance programs, which prioritize the concepts of predictive and preventive maintenance.<\/p>\n\n\n\n<figure class=\"wp-block-gallery aligncenter columns-4 is-cropped wp-block-gallery-1 is-layout-flex wp-block-gallery-is-layout-flex\"><ul class=\"blocks-gallery-grid\"><li class=\"blocks-gallery-item\"><figure><a href=\"https:\/\/fluxo.si\/wp-content\/uploads\/2021\/07\/CAR-DES-Vopak-2019.jpg\" data-lbwps-width=\"1000\" data-lbwps-height=\"743\" data-lbwps-srcsmall=\"https:\/\/fluxo.si\/wp-content\/uploads\/2021\/07\/CAR-DES-Vopak-2019.jpg\"><img loading=\"lazy\" decoding=\"async\" width=\"600\" height=\"446\" src=\"https:\/\/fluxo.si\/wp-content\/uploads\/2021\/07\/CAR-DES-Vopak-2019-600x446.jpg\" alt=\"\" data-id=\"775\" data-full-url=\"https:\/\/fluxo.si\/wp-content\/uploads\/2021\/07\/CAR-DES-Vopak-2019.jpg\" data-link=\"https:\/\/fluxo.si\/servicos\/attachment\/car-des-vopak-2019\/\" class=\"wp-image-775\" srcset=\"https:\/\/fluxo.si\/wp-content\/uploads\/2021\/07\/CAR-DES-Vopak-2019-600x446.jpg 600w, https:\/\/fluxo.si\/wp-content\/uploads\/2021\/07\/CAR-DES-Vopak-2019-768x571.jpg 768w, https:\/\/fluxo.si\/wp-content\/uploads\/2021\/07\/CAR-DES-Vopak-2019.jpg 1000w\" sizes=\"auto, (max-width: 600px) 100vw, 600px\" \/><\/a><figcaption class=\"blocks-gallery-item__caption\">CAR DES Vopak 2019<\/figcaption><\/figure><\/li><li class=\"blocks-gallery-item\"><figure><a href=\"https:\/\/fluxo.si\/wp-content\/uploads\/2021\/07\/Descarregamento-Raizen-BIP-2016.jpg\" data-lbwps-width=\"1000\" data-lbwps-height=\"743\" data-lbwps-srcsmall=\"https:\/\/fluxo.si\/wp-content\/uploads\/2021\/07\/Descarregamento-Raizen-BIP-2016.jpg\"><img loading=\"lazy\" decoding=\"async\" width=\"600\" height=\"446\" src=\"https:\/\/fluxo.si\/wp-content\/uploads\/2021\/07\/Descarregamento-Raizen-BIP-2016-600x446.jpg\" alt=\"\" data-id=\"776\" data-full-url=\"https:\/\/fluxo.si\/wp-content\/uploads\/2021\/07\/Descarregamento-Raizen-BIP-2016.jpg\" data-link=\"https:\/\/fluxo.si\/servicos\/attachment\/descarregamento-raizen-bip-2016\/\" class=\"wp-image-776\" srcset=\"https:\/\/fluxo.si\/wp-content\/uploads\/2021\/07\/Descarregamento-Raizen-BIP-2016-600x446.jpg 600w, https:\/\/fluxo.si\/wp-content\/uploads\/2021\/07\/Descarregamento-Raizen-BIP-2016-768x571.jpg 768w, https:\/\/fluxo.si\/wp-content\/uploads\/2021\/07\/Descarregamento-Raizen-BIP-2016.jpg 1000w\" sizes=\"auto, (max-width: 600px) 100vw, 600px\" \/><\/a><figcaption class=\"blocks-gallery-item__caption\">Download Raizen BIP 2016<\/figcaption><\/figure><\/li><li class=\"blocks-gallery-item\"><figure><a href=\"https:\/\/fluxo.si\/wp-content\/uploads\/2021\/07\/Injecao-de-Quimicos-Petrobras-2020.jpg\" data-lbwps-width=\"1000\" data-lbwps-height=\"743\" data-lbwps-srcsmall=\"https:\/\/fluxo.si\/wp-content\/uploads\/2021\/07\/Injecao-de-Quimicos-Petrobras-2020.jpg\"><img loading=\"lazy\" decoding=\"async\" width=\"600\" height=\"446\" src=\"https:\/\/fluxo.si\/wp-content\/uploads\/2021\/07\/Injecao-de-Quimicos-Petrobras-2020-600x446.jpg\" alt=\"\" data-id=\"778\" data-full-url=\"https:\/\/fluxo.si\/wp-content\/uploads\/2021\/07\/Injecao-de-Quimicos-Petrobras-2020.jpg\" data-link=\"https:\/\/fluxo.si\/servicos\/attachment\/injecao-de-quimicos-petrobras-2020\/\" class=\"wp-image-778\" srcset=\"https:\/\/fluxo.si\/wp-content\/uploads\/2021\/07\/Injecao-de-Quimicos-Petrobras-2020-600x446.jpg 600w, https:\/\/fluxo.si\/wp-content\/uploads\/2021\/07\/Injecao-de-Quimicos-Petrobras-2020-768x571.jpg 768w, https:\/\/fluxo.si\/wp-content\/uploads\/2021\/07\/Injecao-de-Quimicos-Petrobras-2020.jpg 1000w\" sizes=\"auto, (max-width: 600px) 100vw, 600px\" \/><\/a><figcaption class=\"blocks-gallery-item__caption\">Petrobras 2020 Chemical Injection<\/figcaption><\/figure><\/li><li class=\"blocks-gallery-item\"><figure><a href=\"https:\/\/fluxo.si\/wp-content\/uploads\/2021\/07\/Oiapoque-2016Descarregamento.jpg\" data-lbwps-width=\"1000\" data-lbwps-height=\"743\" data-lbwps-srcsmall=\"https:\/\/fluxo.si\/wp-content\/uploads\/2021\/07\/Oiapoque-2016Descarregamento.jpg\"><img loading=\"lazy\" decoding=\"async\" width=\"600\" height=\"446\" src=\"https:\/\/fluxo.si\/wp-content\/uploads\/2021\/07\/Oiapoque-2016Descarregamento-600x446.jpg\" alt=\"\" data-id=\"779\" data-full-url=\"https:\/\/fluxo.si\/wp-content\/uploads\/2021\/07\/Oiapoque-2016Descarregamento.jpg\" data-link=\"https:\/\/fluxo.si\/servicos\/attachment\/oiapoque-2016descarregamento\/\" class=\"wp-image-779\" srcset=\"https:\/\/fluxo.si\/wp-content\/uploads\/2021\/07\/Oiapoque-2016Descarregamento-600x446.jpg 600w, https:\/\/fluxo.si\/wp-content\/uploads\/2021\/07\/Oiapoque-2016Descarregamento-768x571.jpg 768w, https:\/\/fluxo.si\/wp-content\/uploads\/2021\/07\/Oiapoque-2016Descarregamento.jpg 1000w\" sizes=\"auto, (max-width: 600px) 100vw, 600px\" \/><\/a><figcaption class=\"blocks-gallery-item__caption\">Oiapoque 2016<\/figcaption><\/figure><\/li><li class=\"blocks-gallery-item\"><figure><a href=\"https:\/\/fluxo.si\/wp-content\/uploads\/2021\/07\/SCC-SDC-Comperj-UPGN-Itaborai-2020.jpg\" data-lbwps-width=\"1000\" data-lbwps-height=\"743\" data-lbwps-srcsmall=\"https:\/\/fluxo.si\/wp-content\/uploads\/2021\/07\/SCC-SDC-Comperj-UPGN-Itaborai-2020.jpg\"><img loading=\"lazy\" decoding=\"async\" width=\"600\" height=\"446\" src=\"https:\/\/fluxo.si\/wp-content\/uploads\/2021\/07\/SCC-SDC-Comperj-UPGN-Itaborai-2020-600x446.jpg\" alt=\"\" data-id=\"780\" data-full-url=\"https:\/\/fluxo.si\/wp-content\/uploads\/2021\/07\/SCC-SDC-Comperj-UPGN-Itaborai-2020.jpg\" data-link=\"https:\/\/fluxo.si\/servicos\/attachment\/scc-sdc-comperj-upgn-itaborai-2020\/\" class=\"wp-image-780\" srcset=\"https:\/\/fluxo.si\/wp-content\/uploads\/2021\/07\/SCC-SDC-Comperj-UPGN-Itaborai-2020-600x446.jpg 600w, https:\/\/fluxo.si\/wp-content\/uploads\/2021\/07\/SCC-SDC-Comperj-UPGN-Itaborai-2020-768x571.jpg 768w, https:\/\/fluxo.si\/wp-content\/uploads\/2021\/07\/SCC-SDC-Comperj-UPGN-Itaborai-2020.jpg 1000w\" sizes=\"auto, (max-width: 600px) 100vw, 600px\" \/><\/a><figcaption class=\"blocks-gallery-item__caption\">Petrobras 2020 Chemical Injection<\/figcaption><\/figure><\/li><li class=\"blocks-gallery-item\"><figure><a href=\"https:\/\/fluxo.si\/wp-content\/uploads\/2021\/07\/Unidade-Movel-de-Calibracao-2018.jpg\" data-lbwps-width=\"1000\" data-lbwps-height=\"743\" data-lbwps-srcsmall=\"https:\/\/fluxo.si\/wp-content\/uploads\/2021\/07\/Unidade-Movel-de-Calibracao-2018.jpg\"><img loading=\"lazy\" decoding=\"async\" width=\"600\" height=\"446\" src=\"https:\/\/fluxo.si\/wp-content\/uploads\/2021\/07\/Unidade-Movel-de-Calibracao-2018-600x446.jpg\" alt=\"\" data-id=\"781\" data-full-url=\"https:\/\/fluxo.si\/wp-content\/uploads\/2021\/07\/Unidade-Movel-de-Calibracao-2018.jpg\" data-link=\"https:\/\/fluxo.si\/servicos\/attachment\/unidade-movel-de-calibracao-2018\/\" class=\"wp-image-781\" srcset=\"https:\/\/fluxo.si\/wp-content\/uploads\/2021\/07\/Unidade-Movel-de-Calibracao-2018-600x446.jpg 600w, https:\/\/fluxo.si\/wp-content\/uploads\/2021\/07\/Unidade-Movel-de-Calibracao-2018-768x571.jpg 768w, https:\/\/fluxo.si\/wp-content\/uploads\/2021\/07\/Unidade-Movel-de-Calibracao-2018.jpg 1000w\" sizes=\"auto, (max-width: 600px) 100vw, 600px\" \/><\/a><figcaption class=\"blocks-gallery-item__caption\">Mobile Calibration Unit 2018<\/figcaption><\/figure><\/li><li class=\"blocks-gallery-item\"><figure><a href=\"https:\/\/fluxo.si\/wp-content\/uploads\/2021\/07\/URV-Recap-2012.jpg\" data-lbwps-width=\"1000\" data-lbwps-height=\"743\" data-lbwps-srcsmall=\"https:\/\/fluxo.si\/wp-content\/uploads\/2021\/07\/URV-Recap-2012.jpg\"><img loading=\"lazy\" decoding=\"async\" width=\"600\" height=\"446\" src=\"https:\/\/fluxo.si\/wp-content\/uploads\/2021\/07\/URV-Recap-2012-600x446.jpg\" alt=\"\" data-id=\"784\" data-full-url=\"https:\/\/fluxo.si\/wp-content\/uploads\/2021\/07\/URV-Recap-2012.jpg\" data-link=\"https:\/\/fluxo.si\/servicos\/attachment\/urv-recap-2012\/\" class=\"wp-image-784\" srcset=\"https:\/\/fluxo.si\/wp-content\/uploads\/2021\/07\/URV-Recap-2012-600x446.jpg 600w, https:\/\/fluxo.si\/wp-content\/uploads\/2021\/07\/URV-Recap-2012-768x571.jpg 768w, https:\/\/fluxo.si\/wp-content\/uploads\/2021\/07\/URV-Recap-2012.jpg 1000w\" sizes=\"auto, (max-width: 600px) 100vw, 600px\" \/><\/a><figcaption class=\"blocks-gallery-item__caption\">URV Recap 2012<\/figcaption><\/figure><\/li><li class=\"blocks-gallery-item\"><figure><a href=\"https:\/\/fluxo.si\/wp-content\/uploads\/2021\/07\/URV-Tenoas-2011.jpg\" data-lbwps-width=\"1000\" data-lbwps-height=\"743\" data-lbwps-srcsmall=\"https:\/\/fluxo.si\/wp-content\/uploads\/2021\/07\/URV-Tenoas-2011.jpg\"><img loading=\"lazy\" decoding=\"async\" width=\"600\" height=\"446\" src=\"https:\/\/fluxo.si\/wp-content\/uploads\/2021\/07\/URV-Tenoas-2011-600x446.jpg\" alt=\"\" data-id=\"785\" data-full-url=\"https:\/\/fluxo.si\/wp-content\/uploads\/2021\/07\/URV-Tenoas-2011.jpg\" data-link=\"https:\/\/fluxo.si\/servicos\/attachment\/urv-tenoas-2011\/\" class=\"wp-image-785\" srcset=\"https:\/\/fluxo.si\/wp-content\/uploads\/2021\/07\/URV-Tenoas-2011-600x446.jpg 600w, https:\/\/fluxo.si\/wp-content\/uploads\/2021\/07\/URV-Tenoas-2011-768x571.jpg 768w, https:\/\/fluxo.si\/wp-content\/uploads\/2021\/07\/URV-Tenoas-2011.jpg 1000w\" sizes=\"auto, (max-width: 600px) 100vw, 600px\" \/><\/a><figcaption class=\"blocks-gallery-item__caption\">URV Tenoas 2011<\/figcaption><\/figure><\/li><li class=\"blocks-gallery-item\"><figure><a href=\"https:\/\/fluxo.si\/wp-content\/uploads\/2021\/07\/URV-Petrosul-Paulinia-2021.jpg\" data-lbwps-width=\"1000\" data-lbwps-height=\"743\" data-lbwps-srcsmall=\"https:\/\/fluxo.si\/wp-content\/uploads\/2021\/07\/URV-Petrosul-Paulinia-2021.jpg\"><img loading=\"lazy\" decoding=\"async\" width=\"600\" height=\"446\" src=\"https:\/\/fluxo.si\/wp-content\/uploads\/2021\/07\/URV-Petrosul-Paulinia-2021-600x446.jpg\" alt=\"\" data-id=\"783\" data-full-url=\"https:\/\/fluxo.si\/wp-content\/uploads\/2021\/07\/URV-Petrosul-Paulinia-2021.jpg\" data-link=\"https:\/\/fluxo.si\/servicos\/attachment\/urv-petrosul-paulinia-2021\/\" class=\"wp-image-783\" srcset=\"https:\/\/fluxo.si\/wp-content\/uploads\/2021\/07\/URV-Petrosul-Paulinia-2021-600x446.jpg 600w, https:\/\/fluxo.si\/wp-content\/uploads\/2021\/07\/URV-Petrosul-Paulinia-2021-768x571.jpg 768w, https:\/\/fluxo.si\/wp-content\/uploads\/2021\/07\/URV-Petrosul-Paulinia-2021.jpg 1000w\" sizes=\"auto, (max-width: 600px) 100vw, 600px\" \/><\/a><figcaption class=\"blocks-gallery-item__caption\">CAR DES Vopak 2019<\/figcaption><\/figure><\/li><li class=\"blocks-gallery-item\"><figure><a href=\"https:\/\/fluxo.si\/wp-content\/uploads\/2021\/07\/EMED-Acciona-2019.jpg\" data-lbwps-width=\"1000\" data-lbwps-height=\"743\" data-lbwps-srcsmall=\"https:\/\/fluxo.si\/wp-content\/uploads\/2021\/07\/EMED-Acciona-2019.jpg\"><img loading=\"lazy\" decoding=\"async\" width=\"600\" height=\"446\" src=\"https:\/\/fluxo.si\/wp-content\/uploads\/2021\/07\/EMED-Acciona-2019-600x446.jpg\" alt=\"\" data-id=\"777\" data-full-url=\"https:\/\/fluxo.si\/wp-content\/uploads\/2021\/07\/EMED-Acciona-2019.jpg\" data-link=\"https:\/\/fluxo.si\/servicos\/attachment\/emed-acciona-2019\/\" class=\"wp-image-777\" srcset=\"https:\/\/fluxo.si\/wp-content\/uploads\/2021\/07\/EMED-Acciona-2019-600x446.jpg 600w, https:\/\/fluxo.si\/wp-content\/uploads\/2021\/07\/EMED-Acciona-2019-768x571.jpg 768w, https:\/\/fluxo.si\/wp-content\/uploads\/2021\/07\/EMED-Acciona-2019.jpg 1000w\" sizes=\"auto, (max-width: 600px) 100vw, 600px\" \/><\/a><figcaption class=\"blocks-gallery-item__caption\">EMED Triggers 2019<\/figcaption><\/figure><\/li><\/ul><\/figure>","protected":false},"excerpt":{"rendered":"<p>A Unidade de Neg\u00f3cio de Servi\u00e7os da Fluxo est\u00e1 estruturada para oferecer aos clientes solu\u00e7\u00f5es em servi\u00e7os de assist\u00eancia t\u00e9cnica, treinamento e servi\u00e7os de campo nos seguintes equipamentos: Instrumenta\u00e7\u00e3o; Atuadores e v\u00e1lvulas; Medi\u00e7\u00e3o de n\u00edvel e telemetria; Skids de carregamento e descarregamento; Unidades de recupera\u00e7\u00e3o de vapor; Sistemas de cogera\u00e7\u00e3o com microturbinas; Bra\u00e7os de carregamento. [&hellip;]<\/p>\n","protected":false},"author":1,"featured_media":5666,"parent":0,"menu_order":2,"comment_status":"closed","ping_status":"closed","template":"","meta":{"_acf_changed":false,"_monsterinsights_skip_tracking":false,"_monsterinsights_sitenote_active":false,"_monsterinsights_sitenote_note":"","_monsterinsights_sitenote_category":0,"footnotes":""},"class_list":["post-60","page","type-page","status-publish","has-post-thumbnail","hentry"],"acf":[],"yoast_head":"<!-- This site is optimized with the Yoast SEO plugin v27.4 - https:\/\/yoast.com\/product\/yoast-seo-wordpress\/ -->\n<title>Servi\u00e7os - Fluxo Solu\u00e7\u00f5es<\/title>\n<meta name=\"robots\" content=\"index, follow, max-snippet:-1, max-image-preview:large, max-video-preview:-1\" \/>\n<link rel=\"canonical\" href=\"https:\/\/fluxo.si\/en\/servicos\/\" \/>\n<meta property=\"og:locale\" content=\"en_US\" \/>\n<meta property=\"og:type\" content=\"article\" \/>\n<meta property=\"og:title\" content=\"Servi\u00e7os - Fluxo Solu\u00e7\u00f5es\" \/>\n<meta property=\"og:description\" content=\"A Unidade de Neg\u00f3cio de Servi\u00e7os da Fluxo est\u00e1 estruturada para oferecer aos clientes solu\u00e7\u00f5es em servi\u00e7os de assist\u00eancia t\u00e9cnica, treinamento e servi\u00e7os de campo nos seguintes equipamentos: Instrumenta\u00e7\u00e3o; Atuadores e v\u00e1lvulas; Medi\u00e7\u00e3o de n\u00edvel e telemetria; Skids de carregamento e descarregamento; Unidades de recupera\u00e7\u00e3o de vapor; Sistemas de cogera\u00e7\u00e3o com microturbinas; Bra\u00e7os de carregamento. [&hellip;]\" \/>\n<meta property=\"og:url\" content=\"https:\/\/fluxo.si\/en\/servicos\/\" \/>\n<meta property=\"og:site_name\" content=\"Fluxo Solu\u00e7\u00f5es\" \/>\n<meta property=\"article:modified_time\" content=\"2021-08-31T00:01:16+00:00\" \/>\n<meta property=\"og:image\" content=\"https:\/\/fluxo.si\/wp-content\/uploads\/2021\/08\/servicos-fluxo.jpg\" \/>\n\t<meta property=\"og:image:width\" content=\"1000\" \/>\n\t<meta property=\"og:image:height\" content=\"703\" \/>\n\t<meta property=\"og:image:type\" content=\"image\/jpeg\" \/>\n<meta name=\"twitter:card\" content=\"summary_large_image\" \/>\n<meta name=\"twitter:label1\" content=\"Est. reading time\" \/>\n\t<meta name=\"twitter:data1\" content=\"4 minutes\" \/>\n<script type=\"application\/ld+json\" class=\"yoast-schema-graph\">{\"@context\":\"https:\\\/\\\/schema.org\",\"@graph\":[{\"@type\":\"WebPage\",\"@id\":\"https:\\\/\\\/fluxo.si\\\/servicos\\\/\",\"url\":\"https:\\\/\\\/fluxo.si\\\/servicos\\\/\",\"name\":\"Servi\u00e7os - Fluxo Solu\u00e7\u00f5es\",\"isPartOf\":{\"@id\":\"https:\\\/\\\/fluxo.si\\\/#website\"},\"primaryImageOfPage\":{\"@id\":\"https:\\\/\\\/fluxo.si\\\/servicos\\\/#primaryimage\"},\"image\":{\"@id\":\"https:\\\/\\\/fluxo.si\\\/servicos\\\/#primaryimage\"},\"thumbnailUrl\":\"https:\\\/\\\/fluxo.si\\\/wp-content\\\/uploads\\\/2021\\\/08\\\/servicos-fluxo.jpg\",\"datePublished\":\"2021-05-31T16:46:29+00:00\",\"dateModified\":\"2021-08-31T00:01:16+00:00\",\"breadcrumb\":{\"@id\":\"https:\\\/\\\/fluxo.si\\\/servicos\\\/#breadcrumb\"},\"inLanguage\":\"en-US\",\"potentialAction\":[{\"@type\":\"ReadAction\",\"target\":[\"https:\\\/\\\/fluxo.si\\\/servicos\\\/\"]}]},{\"@type\":\"ImageObject\",\"inLanguage\":\"en-US\",\"@id\":\"https:\\\/\\\/fluxo.si\\\/servicos\\\/#primaryimage\",\"url\":\"https:\\\/\\\/fluxo.si\\\/wp-content\\\/uploads\\\/2021\\\/08\\\/servicos-fluxo.jpg\",\"contentUrl\":\"https:\\\/\\\/fluxo.si\\\/wp-content\\\/uploads\\\/2021\\\/08\\\/servicos-fluxo.jpg\",\"width\":1000,\"height\":703},{\"@type\":\"BreadcrumbList\",\"@id\":\"https:\\\/\\\/fluxo.si\\\/servicos\\\/#breadcrumb\",\"itemListElement\":[{\"@type\":\"ListItem\",\"position\":1,\"name\":\"In\u00edcio\",\"item\":\"https:\\\/\\\/fluxo.si\\\/\"},{\"@type\":\"ListItem\",\"position\":2,\"name\":\"Servi\u00e7os\"}]},{\"@type\":\"WebSite\",\"@id\":\"https:\\\/\\\/fluxo.si\\\/#website\",\"url\":\"https:\\\/\\\/fluxo.si\\\/\",\"name\":\"Fluxo Solu\u00e7\u00f5es\",\"description\":\"Solu\u00e7\u00f5es e servi\u00e7os para processos industriais de produ\u00e7\u00e3o, movimenta\u00e7\u00e3o e armazenagem de fluidos.\",\"publisher\":{\"@id\":\"https:\\\/\\\/fluxo.si\\\/#organization\"},\"potentialAction\":[{\"@type\":\"SearchAction\",\"target\":{\"@type\":\"EntryPoint\",\"urlTemplate\":\"https:\\\/\\\/fluxo.si\\\/?s={search_term_string}\"},\"query-input\":{\"@type\":\"PropertyValueSpecification\",\"valueRequired\":true,\"valueName\":\"search_term_string\"}}],\"inLanguage\":\"en-US\"},{\"@type\":\"Organization\",\"@id\":\"https:\\\/\\\/fluxo.si\\\/#organization\",\"name\":\"Fluxo Solu\u00e7\u00f5es Integradas\",\"url\":\"https:\\\/\\\/fluxo.si\\\/\",\"logo\":{\"@type\":\"ImageObject\",\"inLanguage\":\"en-US\",\"@id\":\"https:\\\/\\\/fluxo.si\\\/#\\\/schema\\\/logo\\\/image\\\/\",\"url\":\"https:\\\/\\\/fluxo.si\\\/wp-content\\\/uploads\\\/2021\\\/05\\\/logo-fluxo-800.png\",\"contentUrl\":\"https:\\\/\\\/fluxo.si\\\/wp-content\\\/uploads\\\/2021\\\/05\\\/logo-fluxo-800.png\",\"width\":800,\"height\":268,\"caption\":\"Fluxo Solu\u00e7\u00f5es Integradas\"},\"image\":{\"@id\":\"https:\\\/\\\/fluxo.si\\\/#\\\/schema\\\/logo\\\/image\\\/\"},\"sameAs\":[\"https:\\\/\\\/www.linkedin.com\\\/company\\\/fluxosolutions\\\/\"]}]}<\/script>\n<!-- \/ Yoast SEO plugin. -->","yoast_head_json":{"title":"Services - Fluxo Solutions","robots":{"index":"index","follow":"follow","max-snippet":"max-snippet:-1","max-image-preview":"max-image-preview:large","max-video-preview":"max-video-preview:-1"},"canonical":"https:\/\/fluxo.si\/en\/servicos\/","og_locale":"en_US","og_type":"article","og_title":"Servi\u00e7os - Fluxo Solu\u00e7\u00f5es","og_description":"A Unidade de Neg\u00f3cio de Servi\u00e7os da Fluxo est\u00e1 estruturada para oferecer aos clientes solu\u00e7\u00f5es em servi\u00e7os de assist\u00eancia t\u00e9cnica, treinamento e servi\u00e7os de campo nos seguintes equipamentos: Instrumenta\u00e7\u00e3o; Atuadores e v\u00e1lvulas; Medi\u00e7\u00e3o de n\u00edvel e telemetria; Skids de carregamento e descarregamento; Unidades de recupera\u00e7\u00e3o de vapor; Sistemas de cogera\u00e7\u00e3o com microturbinas; Bra\u00e7os de carregamento. [&hellip;]","og_url":"https:\/\/fluxo.si\/en\/servicos\/","og_site_name":"Fluxo Solu\u00e7\u00f5es","article_modified_time":"2021-08-31T00:01:16+00:00","og_image":[{"width":1000,"height":703,"url":"https:\/\/fluxo.si\/wp-content\/uploads\/2021\/08\/servicos-fluxo.jpg","type":"image\/jpeg"}],"twitter_card":"summary_large_image","twitter_misc":{"Est. reading time":"4 minutes"},"schema":{"@context":"https:\/\/schema.org","@graph":[{"@type":"WebPage","@id":"https:\/\/fluxo.si\/servicos\/","url":"https:\/\/fluxo.si\/servicos\/","name":"Services - Fluxo Solutions","isPartOf":{"@id":"https:\/\/fluxo.si\/#website"},"primaryImageOfPage":{"@id":"https:\/\/fluxo.si\/servicos\/#primaryimage"},"image":{"@id":"https:\/\/fluxo.si\/servicos\/#primaryimage"},"thumbnailUrl":"https:\/\/fluxo.si\/wp-content\/uploads\/2021\/08\/servicos-fluxo.jpg","datePublished":"2021-05-31T16:46:29+00:00","dateModified":"2021-08-31T00:01:16+00:00","breadcrumb":{"@id":"https:\/\/fluxo.si\/servicos\/#breadcrumb"},"inLanguage":"en-US","potentialAction":[{"@type":"ReadAction","target":["https:\/\/fluxo.si\/servicos\/"]}]},{"@type":"ImageObject","inLanguage":"en-US","@id":"https:\/\/fluxo.si\/servicos\/#primaryimage","url":"https:\/\/fluxo.si\/wp-content\/uploads\/2021\/08\/servicos-fluxo.jpg","contentUrl":"https:\/\/fluxo.si\/wp-content\/uploads\/2021\/08\/servicos-fluxo.jpg","width":1000,"height":703},{"@type":"BreadcrumbList","@id":"https:\/\/fluxo.si\/servicos\/#breadcrumb","itemListElement":[{"@type":"ListItem","position":1,"name":"In\u00edcio","item":"https:\/\/fluxo.si\/"},{"@type":"ListItem","position":2,"name":"Servi\u00e7os"}]},{"@type":"WebSite","@id":"https:\/\/fluxo.si\/#website","url":"https:\/\/fluxo.si\/","name":"Flow Solutions","description":"Solutions and services for industrial processes of production, movement and storage of fluids.","publisher":{"@id":"https:\/\/fluxo.si\/#organization"},"potentialAction":[{"@type":"SearchAction","target":{"@type":"EntryPoint","urlTemplate":"https:\/\/fluxo.si\/?s={search_term_string}"},"query-input":{"@type":"PropertyValueSpecification","valueRequired":true,"valueName":"search_term_string"}}],"inLanguage":"en-US"},{"@type":"Organization","@id":"https:\/\/fluxo.si\/#organization","name":"Integrated Solutions Flow","url":"https:\/\/fluxo.si\/","logo":{"@type":"ImageObject","inLanguage":"en-US","@id":"https:\/\/fluxo.si\/#\/schema\/logo\/image\/","url":"https:\/\/fluxo.si\/wp-content\/uploads\/2021\/05\/logo-fluxo-800.png","contentUrl":"https:\/\/fluxo.si\/wp-content\/uploads\/2021\/05\/logo-fluxo-800.png","width":800,"height":268,"caption":"Fluxo Solu\u00e7\u00f5es Integradas"},"image":{"@id":"https:\/\/fluxo.si\/#\/schema\/logo\/image\/"},"sameAs":["https:\/\/www.linkedin.com\/company\/fluxosolutions\/"]}]}},"_links":{"self":[{"href":"https:\/\/fluxo.si\/en\/wp-json\/wp\/v2\/pages\/60","targetHints":{"allow":["GET"]}}],"collection":[{"href":"https:\/\/fluxo.si\/en\/wp-json\/wp\/v2\/pages"}],"about":[{"href":"https:\/\/fluxo.si\/en\/wp-json\/wp\/v2\/types\/page"}],"author":[{"embeddable":true,"href":"https:\/\/fluxo.si\/en\/wp-json\/wp\/v2\/users\/1"}],"replies":[{"embeddable":true,"href":"https:\/\/fluxo.si\/en\/wp-json\/wp\/v2\/comments?post=60"}],"version-history":[{"count":22,"href":"https:\/\/fluxo.si\/en\/wp-json\/wp\/v2\/pages\/60\/revisions"}],"predecessor-version":[{"id":792,"href":"https:\/\/fluxo.si\/en\/wp-json\/wp\/v2\/pages\/60\/revisions\/792"}],"wp:featuredmedia":[{"embeddable":true,"href":"https:\/\/fluxo.si\/en\/wp-json\/wp\/v2\/media\/5666"}],"wp:attachment":[{"href":"https:\/\/fluxo.si\/en\/wp-json\/wp\/v2\/media?parent=60"}],"curies":[{"name":"wp","href":"https:\/\/api.w.org\/{rel}","templated":true}]}}