{"id":58,"date":"2021-05-31T16:46:02","date_gmt":"2021-05-31T16:46:02","guid":{"rendered":"https:\/\/fluxo.si\/?page_id=58"},"modified":"2021-07-05T13:55:56","modified_gmt":"2021-07-05T13:55:56","slug":"produtos","status":"publish","type":"page","link":"https:\/\/fluxo.si\/en\/produtos\/","title":{"rendered":"Products"},"content":{"rendered":"<p style=\"font-size:18px\">Fluxo&#039;s experience is based on the sum of numerous successful supplies in the country and abroad, supported by the global knowledge acquired by each of the members of the technological package that make up FLUXO INTEGRATED SOLUTIONS. All international members of this pack are world leaders in their respective industries.<\/p>","protected":false},"excerpt":{"rendered":"<p>Fluxo&#039;s experience is based on the sum of numerous successful supplies in the country and abroad, supported by the global knowledge acquired by each of the members of the technological package that make up FLUXO INTEGRATED SOLUTIONS. All international members of this pack are world leaders in their respective industries.<\/p>","protected":false},"author":1,"featured_media":0,"parent":0,"menu_order":3,"comment_status":"closed","ping_status":"closed","template":"","meta":{"_acf_changed":false,"_monsterinsights_skip_tracking":false,"_monsterinsights_sitenote_active":false,"_monsterinsights_sitenote_note":"","_monsterinsights_sitenote_category":0,"footnotes":""},"class_list":["post-58","page","type-page","status-publish","hentry"],"acf":[],"yoast_head":"<!-- This site is optimized with the Yoast SEO plugin v27.4 - https:\/\/yoast.com\/product\/yoast-seo-wordpress\/ -->\n<title>Produtos - Fluxo Solu\u00e7\u00f5es<\/title>\n<meta name=\"robots\" content=\"index, follow, max-snippet:-1, max-image-preview:large, max-video-preview:-1\" \/>\n<link rel=\"canonical\" href=\"https:\/\/fluxo.si\/en\/produtos\/\" \/>\n<meta property=\"og:locale\" content=\"en_US\" \/>\n<meta property=\"og:type\" content=\"article\" \/>\n<meta property=\"og:title\" content=\"Produtos - Fluxo Solu\u00e7\u00f5es\" \/>\n<meta property=\"og:description\" content=\"A experi\u00eancia da Fluxo \u00e9 baseada no somat\u00f3rio de in\u00fameros fornecimentos bem sucedidos no pa\u00eds e no exterior, suportada pelo conhecimento global adquirido por cada um dos integrantes do pacote tecnol\u00f3gico que comp\u00f5em as SOLU\u00c7\u00d5ES INTEGRADAS FLUXO. Todos os membros internacionais deste pacote s\u00e3o l\u00edderes mundiais em seus respectivos setores.\" \/>\n<meta property=\"og:url\" content=\"https:\/\/fluxo.si\/en\/produtos\/\" \/>\n<meta property=\"og:site_name\" content=\"Fluxo Solu\u00e7\u00f5es\" \/>\n<meta property=\"article:modified_time\" content=\"2021-07-05T13:55:56+00:00\" \/>\n<meta name=\"twitter:card\" content=\"summary_large_image\" \/>\n<meta name=\"twitter:label1\" content=\"Est. reading time\" \/>\n\t<meta name=\"twitter:data1\" content=\"1 minute\" \/>\n<script type=\"application\/ld+json\" class=\"yoast-schema-graph\">{\"@context\":\"https:\\\/\\\/schema.org\",\"@graph\":[{\"@type\":\"WebPage\",\"@id\":\"https:\\\/\\\/fluxo.si\\\/produtos\\\/\",\"url\":\"https:\\\/\\\/fluxo.si\\\/produtos\\\/\",\"name\":\"Produtos - Fluxo Solu\u00e7\u00f5es\",\"isPartOf\":{\"@id\":\"https:\\\/\\\/fluxo.si\\\/#website\"},\"datePublished\":\"2021-05-31T16:46:02+00:00\",\"dateModified\":\"2021-07-05T13:55:56+00:00\",\"breadcrumb\":{\"@id\":\"https:\\\/\\\/fluxo.si\\\/produtos\\\/#breadcrumb\"},\"inLanguage\":\"en-US\",\"potentialAction\":[{\"@type\":\"ReadAction\",\"target\":[\"https:\\\/\\\/fluxo.si\\\/produtos\\\/\"]}]},{\"@type\":\"BreadcrumbList\",\"@id\":\"https:\\\/\\\/fluxo.si\\\/produtos\\\/#breadcrumb\",\"itemListElement\":[{\"@type\":\"ListItem\",\"position\":1,\"name\":\"In\u00edcio\",\"item\":\"https:\\\/\\\/fluxo.si\\\/\"},{\"@type\":\"ListItem\",\"position\":2,\"name\":\"Produtos\"}]},{\"@type\":\"WebSite\",\"@id\":\"https:\\\/\\\/fluxo.si\\\/#website\",\"url\":\"https:\\\/\\\/fluxo.si\\\/\",\"name\":\"Fluxo Solu\u00e7\u00f5es\",\"description\":\"Solu\u00e7\u00f5es e servi\u00e7os para processos industriais de produ\u00e7\u00e3o, movimenta\u00e7\u00e3o e armazenagem de fluidos.\",\"publisher\":{\"@id\":\"https:\\\/\\\/fluxo.si\\\/#organization\"},\"potentialAction\":[{\"@type\":\"SearchAction\",\"target\":{\"@type\":\"EntryPoint\",\"urlTemplate\":\"https:\\\/\\\/fluxo.si\\\/?s={search_term_string}\"},\"query-input\":{\"@type\":\"PropertyValueSpecification\",\"valueRequired\":true,\"valueName\":\"search_term_string\"}}],\"inLanguage\":\"en-US\"},{\"@type\":\"Organization\",\"@id\":\"https:\\\/\\\/fluxo.si\\\/#organization\",\"name\":\"Fluxo Solu\u00e7\u00f5es Integradas\",\"url\":\"https:\\\/\\\/fluxo.si\\\/\",\"logo\":{\"@type\":\"ImageObject\",\"inLanguage\":\"en-US\",\"@id\":\"https:\\\/\\\/fluxo.si\\\/#\\\/schema\\\/logo\\\/image\\\/\",\"url\":\"https:\\\/\\\/fluxo.si\\\/wp-content\\\/uploads\\\/2021\\\/05\\\/logo-fluxo-800.png\",\"contentUrl\":\"https:\\\/\\\/fluxo.si\\\/wp-content\\\/uploads\\\/2021\\\/05\\\/logo-fluxo-800.png\",\"width\":800,\"height\":268,\"caption\":\"Fluxo Solu\u00e7\u00f5es Integradas\"},\"image\":{\"@id\":\"https:\\\/\\\/fluxo.si\\\/#\\\/schema\\\/logo\\\/image\\\/\"},\"sameAs\":[\"https:\\\/\\\/www.linkedin.com\\\/company\\\/fluxosolutions\\\/\"]}]}<\/script>\n<!-- \/ Yoast SEO plugin. -->","yoast_head_json":{"title":"Products - Fluxo Solutions","robots":{"index":"index","follow":"follow","max-snippet":"max-snippet:-1","max-image-preview":"max-image-preview:large","max-video-preview":"max-video-preview:-1"},"canonical":"https:\/\/fluxo.si\/en\/produtos\/","og_locale":"en_US","og_type":"article","og_title":"Produtos - Fluxo Solu\u00e7\u00f5es","og_description":"A experi\u00eancia da Fluxo \u00e9 baseada no somat\u00f3rio de in\u00fameros fornecimentos bem sucedidos no pa\u00eds e no exterior, suportada pelo conhecimento global adquirido por cada um dos integrantes do pacote tecnol\u00f3gico que comp\u00f5em as SOLU\u00c7\u00d5ES INTEGRADAS FLUXO. Todos os membros internacionais deste pacote s\u00e3o l\u00edderes mundiais em seus respectivos setores.","og_url":"https:\/\/fluxo.si\/en\/produtos\/","og_site_name":"Fluxo Solu\u00e7\u00f5es","article_modified_time":"2021-07-05T13:55:56+00:00","twitter_card":"summary_large_image","twitter_misc":{"Est. reading time":"1 minute"},"schema":{"@context":"https:\/\/schema.org","@graph":[{"@type":"WebPage","@id":"https:\/\/fluxo.si\/produtos\/","url":"https:\/\/fluxo.si\/produtos\/","name":"Products - Fluxo Solutions","isPartOf":{"@id":"https:\/\/fluxo.si\/#website"},"datePublished":"2021-05-31T16:46:02+00:00","dateModified":"2021-07-05T13:55:56+00:00","breadcrumb":{"@id":"https:\/\/fluxo.si\/produtos\/#breadcrumb"},"inLanguage":"en-US","potentialAction":[{"@type":"ReadAction","target":["https:\/\/fluxo.si\/produtos\/"]}]},{"@type":"BreadcrumbList","@id":"https:\/\/fluxo.si\/produtos\/#breadcrumb","itemListElement":[{"@type":"ListItem","position":1,"name":"In\u00edcio","item":"https:\/\/fluxo.si\/"},{"@type":"ListItem","position":2,"name":"Produtos"}]},{"@type":"WebSite","@id":"https:\/\/fluxo.si\/#website","url":"https:\/\/fluxo.si\/","name":"Flow Solutions","description":"Solutions and services for industrial processes of production, movement and storage of fluids.","publisher":{"@id":"https:\/\/fluxo.si\/#organization"},"potentialAction":[{"@type":"SearchAction","target":{"@type":"EntryPoint","urlTemplate":"https:\/\/fluxo.si\/?s={search_term_string}"},"query-input":{"@type":"PropertyValueSpecification","valueRequired":true,"valueName":"search_term_string"}}],"inLanguage":"en-US"},{"@type":"Organization","@id":"https:\/\/fluxo.si\/#organization","name":"Integrated Solutions Flow","url":"https:\/\/fluxo.si\/","logo":{"@type":"ImageObject","inLanguage":"en-US","@id":"https:\/\/fluxo.si\/#\/schema\/logo\/image\/","url":"https:\/\/fluxo.si\/wp-content\/uploads\/2021\/05\/logo-fluxo-800.png","contentUrl":"https:\/\/fluxo.si\/wp-content\/uploads\/2021\/05\/logo-fluxo-800.png","width":800,"height":268,"caption":"Fluxo Solu\u00e7\u00f5es Integradas"},"image":{"@id":"https:\/\/fluxo.si\/#\/schema\/logo\/image\/"},"sameAs":["https:\/\/www.linkedin.com\/company\/fluxosolutions\/"]}]}},"_links":{"self":[{"href":"https:\/\/fluxo.si\/en\/wp-json\/wp\/v2\/pages\/58","targetHints":{"allow":["GET"]}}],"collection":[{"href":"https:\/\/fluxo.si\/en\/wp-json\/wp\/v2\/pages"}],"about":[{"href":"https:\/\/fluxo.si\/en\/wp-json\/wp\/v2\/types\/page"}],"author":[{"embeddable":true,"href":"https:\/\/fluxo.si\/en\/wp-json\/wp\/v2\/users\/1"}],"replies":[{"embeddable":true,"href":"https:\/\/fluxo.si\/en\/wp-json\/wp\/v2\/comments?post=58"}],"version-history":[{"count":4,"href":"https:\/\/fluxo.si\/en\/wp-json\/wp\/v2\/pages\/58\/revisions"}],"predecessor-version":[{"id":642,"href":"https:\/\/fluxo.si\/en\/wp-json\/wp\/v2\/pages\/58\/revisions\/642"}],"wp:attachment":[{"href":"https:\/\/fluxo.si\/en\/wp-json\/wp\/v2\/media?parent=58"}],"curies":[{"name":"wp","href":"https:\/\/api.w.org\/{rel}","templated":true}]}}