{"id":56,"date":"2021-05-31T16:45:19","date_gmt":"2021-05-31T16:45:19","guid":{"rendered":"https:\/\/fluxo.si\/?page_id=56"},"modified":"2021-07-12T14:50:28","modified_gmt":"2021-07-12T14:50:28","slug":"a-fluxo","status":"publish","type":"page","link":"https:\/\/fluxo.si\/en\/a-fluxo\/","title":{"rendered":"A Fluxo"},"content":{"rendered":"","protected":false},"excerpt":{"rendered":"","protected":false},"author":1,"featured_media":109,"parent":0,"menu_order":1,"comment_status":"closed","ping_status":"closed","template":"","meta":{"_acf_changed":false,"_monsterinsights_skip_tracking":false,"_monsterinsights_sitenote_active":false,"_monsterinsights_sitenote_note":"","_monsterinsights_sitenote_category":0,"footnotes":""},"class_list":["post-56","page","type-page","status-publish","has-post-thumbnail","hentry"],"acf":[],"yoast_head":"<!-- This site is optimized with the Yoast SEO plugin v27.4 - https:\/\/yoast.com\/product\/yoast-seo-wordpress\/ -->\n<title>A Fluxo - Fluxo Solu\u00e7\u00f5es<\/title>\n<meta name=\"robots\" content=\"index, follow, max-snippet:-1, max-image-preview:large, max-video-preview:-1\" \/>\n<link rel=\"canonical\" href=\"https:\/\/fluxo.si\/en\/a-fluxo\/\" \/>\n<meta property=\"og:locale\" content=\"en_US\" \/>\n<meta property=\"og:type\" content=\"article\" \/>\n<meta property=\"og:title\" content=\"A Fluxo - Fluxo Solu\u00e7\u00f5es\" \/>\n<meta property=\"og:url\" content=\"https:\/\/fluxo.si\/en\/a-fluxo\/\" \/>\n<meta property=\"og:site_name\" content=\"Fluxo Solu\u00e7\u00f5es\" \/>\n<meta property=\"article:modified_time\" content=\"2021-07-12T14:50:28+00:00\" \/>\n<meta property=\"og:image\" content=\"https:\/\/fluxo.si\/wp-content\/uploads\/2021\/05\/bg3.jpg\" \/>\n\t<meta property=\"og:image:width\" content=\"1920\" \/>\n\t<meta property=\"og:image:height\" content=\"1280\" \/>\n\t<meta property=\"og:image:type\" content=\"image\/jpeg\" \/>\n<meta name=\"twitter:card\" content=\"summary_large_image\" \/>\n<script type=\"application\/ld+json\" class=\"yoast-schema-graph\">{\"@context\":\"https:\\\/\\\/schema.org\",\"@graph\":[{\"@type\":\"WebPage\",\"@id\":\"https:\\\/\\\/fluxo.si\\\/a-fluxo\\\/\",\"url\":\"https:\\\/\\\/fluxo.si\\\/a-fluxo\\\/\",\"name\":\"A Fluxo - Fluxo Solu\u00e7\u00f5es\",\"isPartOf\":{\"@id\":\"https:\\\/\\\/fluxo.si\\\/#website\"},\"primaryImageOfPage\":{\"@id\":\"https:\\\/\\\/fluxo.si\\\/a-fluxo\\\/#primaryimage\"},\"image\":{\"@id\":\"https:\\\/\\\/fluxo.si\\\/a-fluxo\\\/#primaryimage\"},\"thumbnailUrl\":\"https:\\\/\\\/fluxo.si\\\/wp-content\\\/uploads\\\/2021\\\/05\\\/bg3.jpg\",\"datePublished\":\"2021-05-31T16:45:19+00:00\",\"dateModified\":\"2021-07-12T14:50:28+00:00\",\"breadcrumb\":{\"@id\":\"https:\\\/\\\/fluxo.si\\\/a-fluxo\\\/#breadcrumb\"},\"inLanguage\":\"en-US\",\"potentialAction\":[{\"@type\":\"ReadAction\",\"target\":[\"https:\\\/\\\/fluxo.si\\\/a-fluxo\\\/\"]}]},{\"@type\":\"ImageObject\",\"inLanguage\":\"en-US\",\"@id\":\"https:\\\/\\\/fluxo.si\\\/a-fluxo\\\/#primaryimage\",\"url\":\"https:\\\/\\\/fluxo.si\\\/wp-content\\\/uploads\\\/2021\\\/05\\\/bg3.jpg\",\"contentUrl\":\"https:\\\/\\\/fluxo.si\\\/wp-content\\\/uploads\\\/2021\\\/05\\\/bg3.jpg\",\"width\":1920,\"height\":1280},{\"@type\":\"BreadcrumbList\",\"@id\":\"https:\\\/\\\/fluxo.si\\\/a-fluxo\\\/#breadcrumb\",\"itemListElement\":[{\"@type\":\"ListItem\",\"position\":1,\"name\":\"In\u00edcio\",\"item\":\"https:\\\/\\\/fluxo.si\\\/\"},{\"@type\":\"ListItem\",\"position\":2,\"name\":\"A Fluxo\"}]},{\"@type\":\"WebSite\",\"@id\":\"https:\\\/\\\/fluxo.si\\\/#website\",\"url\":\"https:\\\/\\\/fluxo.si\\\/\",\"name\":\"Fluxo Solu\u00e7\u00f5es\",\"description\":\"Solu\u00e7\u00f5es e servi\u00e7os para processos industriais de produ\u00e7\u00e3o, movimenta\u00e7\u00e3o e armazenagem de fluidos.\",\"publisher\":{\"@id\":\"https:\\\/\\\/fluxo.si\\\/#organization\"},\"potentialAction\":[{\"@type\":\"SearchAction\",\"target\":{\"@type\":\"EntryPoint\",\"urlTemplate\":\"https:\\\/\\\/fluxo.si\\\/?s={search_term_string}\"},\"query-input\":{\"@type\":\"PropertyValueSpecification\",\"valueRequired\":true,\"valueName\":\"search_term_string\"}}],\"inLanguage\":\"en-US\"},{\"@type\":\"Organization\",\"@id\":\"https:\\\/\\\/fluxo.si\\\/#organization\",\"name\":\"Fluxo Solu\u00e7\u00f5es Integradas\",\"url\":\"https:\\\/\\\/fluxo.si\\\/\",\"logo\":{\"@type\":\"ImageObject\",\"inLanguage\":\"en-US\",\"@id\":\"https:\\\/\\\/fluxo.si\\\/#\\\/schema\\\/logo\\\/image\\\/\",\"url\":\"https:\\\/\\\/fluxo.si\\\/wp-content\\\/uploads\\\/2021\\\/05\\\/logo-fluxo-800.png\",\"contentUrl\":\"https:\\\/\\\/fluxo.si\\\/wp-content\\\/uploads\\\/2021\\\/05\\\/logo-fluxo-800.png\",\"width\":800,\"height\":268,\"caption\":\"Fluxo Solu\u00e7\u00f5es Integradas\"},\"image\":{\"@id\":\"https:\\\/\\\/fluxo.si\\\/#\\\/schema\\\/logo\\\/image\\\/\"},\"sameAs\":[\"https:\\\/\\\/www.linkedin.com\\\/company\\\/fluxosolutions\\\/\"]}]}<\/script>\n<!-- \/ Yoast SEO plugin. -->","yoast_head_json":{"title":"Fluxo - Fluxo Solutions","robots":{"index":"index","follow":"follow","max-snippet":"max-snippet:-1","max-image-preview":"max-image-preview:large","max-video-preview":"max-video-preview:-1"},"canonical":"https:\/\/fluxo.si\/en\/a-fluxo\/","og_locale":"en_US","og_type":"article","og_title":"A Fluxo - Fluxo Solu\u00e7\u00f5es","og_url":"https:\/\/fluxo.si\/en\/a-fluxo\/","og_site_name":"Fluxo Solu\u00e7\u00f5es","article_modified_time":"2021-07-12T14:50:28+00:00","og_image":[{"width":1920,"height":1280,"url":"https:\/\/fluxo.si\/wp-content\/uploads\/2021\/05\/bg3.jpg","type":"image\/jpeg"}],"twitter_card":"summary_large_image","schema":{"@context":"https:\/\/schema.org","@graph":[{"@type":"WebPage","@id":"https:\/\/fluxo.si\/a-fluxo\/","url":"https:\/\/fluxo.si\/a-fluxo\/","name":"Fluxo - Fluxo Solutions","isPartOf":{"@id":"https:\/\/fluxo.si\/#website"},"primaryImageOfPage":{"@id":"https:\/\/fluxo.si\/a-fluxo\/#primaryimage"},"image":{"@id":"https:\/\/fluxo.si\/a-fluxo\/#primaryimage"},"thumbnailUrl":"https:\/\/fluxo.si\/wp-content\/uploads\/2021\/05\/bg3.jpg","datePublished":"2021-05-31T16:45:19+00:00","dateModified":"2021-07-12T14:50:28+00:00","breadcrumb":{"@id":"https:\/\/fluxo.si\/a-fluxo\/#breadcrumb"},"inLanguage":"en-US","potentialAction":[{"@type":"ReadAction","target":["https:\/\/fluxo.si\/a-fluxo\/"]}]},{"@type":"ImageObject","inLanguage":"en-US","@id":"https:\/\/fluxo.si\/a-fluxo\/#primaryimage","url":"https:\/\/fluxo.si\/wp-content\/uploads\/2021\/05\/bg3.jpg","contentUrl":"https:\/\/fluxo.si\/wp-content\/uploads\/2021\/05\/bg3.jpg","width":1920,"height":1280},{"@type":"BreadcrumbList","@id":"https:\/\/fluxo.si\/a-fluxo\/#breadcrumb","itemListElement":[{"@type":"ListItem","position":1,"name":"In\u00edcio","item":"https:\/\/fluxo.si\/"},{"@type":"ListItem","position":2,"name":"A Fluxo"}]},{"@type":"WebSite","@id":"https:\/\/fluxo.si\/#website","url":"https:\/\/fluxo.si\/","name":"Flow Solutions","description":"Solutions and services for industrial processes of production, movement and storage of fluids.","publisher":{"@id":"https:\/\/fluxo.si\/#organization"},"potentialAction":[{"@type":"SearchAction","target":{"@type":"EntryPoint","urlTemplate":"https:\/\/fluxo.si\/?s={search_term_string}"},"query-input":{"@type":"PropertyValueSpecification","valueRequired":true,"valueName":"search_term_string"}}],"inLanguage":"en-US"},{"@type":"Organization","@id":"https:\/\/fluxo.si\/#organization","name":"Integrated Solutions Flow","url":"https:\/\/fluxo.si\/","logo":{"@type":"ImageObject","inLanguage":"en-US","@id":"https:\/\/fluxo.si\/#\/schema\/logo\/image\/","url":"https:\/\/fluxo.si\/wp-content\/uploads\/2021\/05\/logo-fluxo-800.png","contentUrl":"https:\/\/fluxo.si\/wp-content\/uploads\/2021\/05\/logo-fluxo-800.png","width":800,"height":268,"caption":"Fluxo Solu\u00e7\u00f5es Integradas"},"image":{"@id":"https:\/\/fluxo.si\/#\/schema\/logo\/image\/"},"sameAs":["https:\/\/www.linkedin.com\/company\/fluxosolutions\/"]}]}},"_links":{"self":[{"href":"https:\/\/fluxo.si\/en\/wp-json\/wp\/v2\/pages\/56","targetHints":{"allow":["GET"]}}],"collection":[{"href":"https:\/\/fluxo.si\/en\/wp-json\/wp\/v2\/pages"}],"about":[{"href":"https:\/\/fluxo.si\/en\/wp-json\/wp\/v2\/types\/page"}],"author":[{"embeddable":true,"href":"https:\/\/fluxo.si\/en\/wp-json\/wp\/v2\/users\/1"}],"replies":[{"embeddable":true,"href":"https:\/\/fluxo.si\/en\/wp-json\/wp\/v2\/comments?post=56"}],"version-history":[{"count":8,"href":"https:\/\/fluxo.si\/en\/wp-json\/wp\/v2\/pages\/56\/revisions"}],"predecessor-version":[{"id":916,"href":"https:\/\/fluxo.si\/en\/wp-json\/wp\/v2\/pages\/56\/revisions\/916"}],"wp:featuredmedia":[{"embeddable":true,"href":"https:\/\/fluxo.si\/en\/wp-json\/wp\/v2\/media\/109"}],"wp:attachment":[{"href":"https:\/\/fluxo.si\/en\/wp-json\/wp\/v2\/media?parent=56"}],"curies":[{"name":"wp","href":"https:\/\/api.w.org\/{rel}","templated":true}]}}